{"id":195,"date":"2022-03-25T13:17:58","date_gmt":"2022-03-25T13:17:58","guid":{"rendered":"http:\/\/day-trips-slovenia.com\/places-to-visit-in-slovenia\/"},"modified":"2022-03-25T13:17:58","modified_gmt":"2022-03-25T13:17:58","slug":"places-to-visit-in-slovenia","status":"publish","type":"page","link":"https:\/\/day-trips-slovenia.com\/sv\/platser-att-besoka-i-slovenien\/","title":{"rendered":"Platser att bes\u00f6ka i Slovenien"},"content":{"rendered":"<p>\u00c4ven om Slovenien \u00e4r relativt litet \u00e4r det ett av de mest <strong>Europas mest varierade l\u00e4nder<\/strong>. Det finns otaliga alternativ att v\u00e4lja mellan, fr\u00e5n de m\u00e4ktiga bergen och den dr\u00f6mska adriatiska kusten till de vinodlande regionerna i \u00f6stra delen av landet.&nbsp;<\/p>\n\n\n\n<p>Om din semester inte varar i flera veckor \u00e4r det om\u00f6jligt att se dem alla och sv\u00e5rt att best\u00e4mma sig f\u00f6r var du ska \u00e5ka. Det \u00e4r d\u00e4rf\u00f6r vi har gjort den h\u00e4r listan d\u00e4r du hittar n\u00e5gra av de mest intressanta <strong>fr\u00e4msta sev\u00e4rdheter<\/strong> och de vackraste platserna i Slovenien.<\/p>\n\n\n\n<h2 class=\"wp-block-heading\">Bled&nbsp;<\/h2>\n\n\n\n<p>En av de b\u00e4sta platserna att bes\u00f6ka i Slovenien \u00e4r utan tvekan den charmiga alpina orten Bled. Bel\u00e4get p\u00e5 tr\u00f6skeln till <strong>Nationalparken Triglav<\/strong>Det \u00e4r den stolta \u00e4garen av Sloveniens enda \u00f6, som ligger mitt i Bled-sj\u00f6n.&nbsp;<\/p>\n\n\n\n<p>N\u00e4r du bes\u00f6ker denna pittoreska stad rekommenderar vi att du tar en tur i den traditionella <strong>Pletna b\u00e5t<\/strong> till Bled Island, eller kanske ta en tur till <strong>Slottet i Bled<\/strong>, det \u00e4ldsta slottet i Slovenien. Andra aktiviteter som Bled kan erbjuda \u00e4r SUP-paddling, cykling, vandring och inte att f\u00f6rgl\u00f6mma de fantastiska gastronomiska l\u00e4ckerheterna som den v\u00e4rldsber\u00f6mda Bledkakan, k\u00e4nd som Krem\u0161nita.<\/p>\n\n\n\n<h2 class=\"wp-block-heading\">Ljubljana<\/h2>\n\n\n\n<p>Ljubljana \u00e4r landets huvudstad och ligger i hj\u00e4rtat av Slovenien. Den \u00e4r ocks\u00e5 k\u00e4nd som <strong>Europas gr\u00f6na huvudstad <\/strong>f\u00f6r sina h\u00e5llbara initiativ som den bilfria stadsk\u00e4rnan<strong>, <\/strong>vilket g\u00f6r den till ett paradis f\u00f6r fotg\u00e4ngare och cyklister. P\u00e5 grund av det bekv\u00e4ma l\u00e4get \u00e4r det en utm\u00e4rkt utg\u00e5ngspunkt f\u00f6r alla de b\u00e4sta platserna att bes\u00f6ka i Slovenien.<\/p>\n\n\n\n<p>Det \u00e4r en livlig stad med vacker arkitektur som du kan njuta av n\u00e4r du promenerar runt p\u00e5 gatorna i den gamla stadsk\u00e4rnan. Vi rekommenderar att du bes\u00f6ker den magnifika<strong> Ljubljanas slott<\/strong> med utsikt \u00f6ver hela staden eller ta en avkopplande b\u00e5ttur p\u00e5 floden Ljubljanica och se staden fr\u00e5n ett annat perspektiv.&nbsp;<\/p>\n\n\n\n<h2 class=\"wp-block-heading\">Grottan i Postojna<\/h2>\n\n\n\n<p>Postojna Cave \u00e4r ett fantastiskt naturunder som ligger i Karstregionen i Slovenien. P\u00e5 grund av dess unika egenskaper blev den det mest bes\u00f6kta grottsystemet i v\u00e4rlden och \u00e4r en av de mest unika platserna att se i Slovenien.&nbsp;<\/p>\n\n\n\n<p>H\u00e4r finns den ber\u00f6mda \"<strong>baby drakar<\/strong>\", unika groddjur som lever i djupet utan att ha f\u00f6r\u00e4ndrats i tusentals \u00e5r. Du kan se dem n\u00e4r du utforskar de underjordiska ravinerna till fots eller med den historiska underjordiska j\u00e4rnv\u00e4gen.<\/p>\n\n\n\n<h2 class=\"wp-block-heading\">Piran&nbsp;<\/h2>\n\n\n\n<p>Piran \u00e4r en historisk gammal stad vid den <strong>Den slovenska kusten<\/strong> som kommer att f\u00f6rv\u00e5na dig med sin charmiga karakt\u00e4r och rika historia, som g\u00e5r tillbaka till venetiansk och till och med medeltida tid.<\/p>\n\n\n\n<p>Du kan fortfarande se n\u00e5gra vackert bevarade arkitektoniska verk som t.ex. <strong>Stenmurar i Piran<\/strong> och den historiska kyrkan St Clement. Om du vill ha en verkligt fantastisk utsikt \u00f6ver staden kan du ta de 146 tr\u00e4trapporna till klocktornet Campanile, som \u00e4r en kopia av den ber\u00f6mda Markuskampanilen i Venedig.&nbsp;<\/p>\n\n\n\n<h2 class=\"wp-block-heading\">So\u010da-dalen&nbsp;<\/h2>\n\n\n\n<p>Den alpina So\u010da-dalen, som \u00e4r omgiven av de m\u00e4ktiga julianska alperna och d\u00e4r den fantastiska smaragdgr\u00f6na floden So\u010da flyter fram, \u00e4r utan tvekan en av de vackraste platserna i Slovenien.&nbsp;<\/p>\n\n\n\n<p>D\u00e4r kan du pr\u00f6va m\u00e5nga utomhusaktiviteter, t.ex. <strong>forsr\u00e4nning med vitt vatten<\/strong>kajakpaddling, paragliding och mycket mer. Det \u00e4r ocks\u00e5 en viktig kulturell plats med platser som Kobaridmuseet som p\u00e5minner om de h\u00e5rda striderna som utk\u00e4mpades d\u00e4r under f\u00f6rsta v\u00e4rldskriget.&nbsp;<\/p>\n\n\n\n<h2 class=\"wp-block-heading\">Vindistrikt&nbsp;<\/h2>\n\n\n\n<p>Det finns <strong>tre huvudsakliga vinregioner<\/strong> i Slovenien: Primorska (Littoralregionen), Podravska (Draveregionen) och Posavska (Nedre Save-regionen). Var och en av dem \u00e4r hemvist f\u00f6r olika typer av lokala viner, olika traditioner och olika tekniker f\u00f6r lagring av vin.<\/p>\n\n\n\n<p>Om du vill f\u00e5 en autentisk upplevelse av regionerna kan du g\u00e5 med p\u00e5 en vinprovningstur med lokala vinproducenter som ber\u00e4ttar om hemligheterna bakom deras vinproduktion i en traditionell milj\u00f6. H\u00e4r \u00e4r ett tips till alla vin\u00e4lskare och matintresserade som bes\u00f6ker Primorska regionen. Se till att kolla in <strong>Marezige vin font\u00e4n<\/strong>, Sloveniens f\u00f6rsta vinfont\u00e4n, f\u00f6r utm\u00e4rkta viner och goda lokala delikatesser.&nbsp;<\/p>\n\n\n\n<h2 class=\"wp-block-heading\">Alperna&nbsp;<\/h2>\n\n\n\n<p>Slovenien \u00e4r ett bergigt land och ett <strong>vandringsparadis<\/strong> med \u00f6ver 10 000 kilometer markerade vandringsleder. Det finns tre stora bergsgrupper i landet: Karawankerna, Kamnik-Savinja-alperna och de Julianska alperna.&nbsp;<\/p>\n\n\n\n<p>Den s\u00e5rbara naturen runt de julianska alperna skyddas av ett stort omr\u00e5de som kallas Triglav nationalpark, som \u00e4r fyllt av \u00f6verraskande naturelement och anses vara en av de mest or\u00f6rda och or\u00f6rda platserna att se i Slovenien. Parken har f\u00e5tt sitt namn efter berget Triglav, den<strong> h\u00f6gsta berget i Slovenien.<\/strong> Det s\u00e4gs att man m\u00e5ste bestiga den minst en g\u00e5ng i sitt liv f\u00f6r att bli en sann slovenare.&nbsp;<\/p>\n\n\n\n<h2 class=\"wp-block-heading\">Maribor&nbsp;<\/h2>\n\n\n\n<p>Maribor \u00e4r landets n\u00e4st st\u00f6rsta stad och en utm\u00e4rkt utg\u00e5ngspunkt f\u00f6r att utforska de \u00f6stra delarna av landet. Staden \u00e4r v\u00e4lk\u00e4nd f\u00f6r sitt rika arkeologiska, etnologiska och kulturella arv, vilket g\u00f6r den till en av de b\u00e4sta platserna att bes\u00f6ka i Slovenien.&nbsp;<\/p>\n\n\n\n<p>Den charmiga gamla delen av staden \u00e4r full av kaf\u00e9er och restauranger, och den vackra arkitekturen \u00e4r genomsyrad av historia vid Drava-flodens str\u00e4nder. Staden har ocks\u00e5 en stark vinframst\u00e4llningstradition och \u00e4r hemvist f\u00f6r ett 400 \u00e5r gammalt vin, som har en plats i <strong>Guinness rekordbok<\/strong> som den \u00e4ldsta \u00e4dla vinstocken i v\u00e4rlden som fortfarande b\u00e4r druvor.&nbsp;<\/p>\n\n\n\n<h2 class=\"wp-block-heading\">Ptuj&nbsp;<\/h2>\n\n\n\n<p>Ptuj var en g\u00e5ng bas f\u00f6r de m\u00e4ktiga romerska legionerna och \u00e4r nu en livlig stad och ett kulturellt centrum f\u00f6r slovensk folklore. Bland stadens viktigaste landm\u00e4rken och platser att bes\u00f6ka finns f\u00f6ljande <strong>Slott fr\u00e5n 1100-talet<\/strong>, den pittoreska gamla staden och St George's Church.<\/p>\n\n\n\n<p>Om du har turen att bes\u00f6ka Ptuj n\u00e4r vintern \u00e4r slut f\u00e5r du en unik upplevelse. Ptujs gator f\u00f6rvandlas till en f\u00e4rgsprakande karnevalsstad med en traditionell etnografisk parad som styrs av <strong>Kurenti-masker<\/strong>vars exceptionella karakt\u00e4r ocks\u00e5 har erk\u00e4nts av Unesco.<\/p>\n\n\n\n<h2 class=\"wp-block-heading\">Regionen Dolenjska<\/h2>\n\n\n\n<p>Sist men inte minst p\u00e5 v\u00e5r lista \u00f6ver de b\u00e4sta platserna att bes\u00f6ka i Slovenien \u00e4r Dolenjska regionen. Det \u00e4r ett land som \u00e4r k\u00e4nt f\u00f6r sina m\u00e5nga helande termiska k\u00e4llor och en rik vinframst\u00e4llningstradition som \u00e4r djupt rotad i landets historia och folklore.&nbsp;<br>Dolenjska, som ofta f\u00f6rbises av turister som bes\u00f6ker Slovenien, \u00e4r ett dolt paradis som v\u00e4ntar p\u00e5 att uppt\u00e4ckas. Du kan koppla av i <strong>varmt termiskt vatten<\/strong> p\u00e5 \u0160marje\u0161ke Toplice Spa och Dolenjske Toplice Spa eller bes\u00f6k Olimje-klostret, som rymmer det tredje \u00e4ldsta klosterapoteket i Europa.<\/p>","protected":false},"excerpt":{"rendered":"<p>Although it is relatively small, Slovenia is one of the most diverse countries in Europe. From the mighty mountains and the dreamy Adriatic coast to the wine-growing regions in the eastern part of the country, there are countless options to choose from.&nbsp; Unless your vacation lasts multiple weeks, it is impossible to see them all &hellip; <a href=\"https:\/\/day-trips-slovenia.com\/sv\/platser-att-besoka-i-slovenien\/\">Forts\u00e4ttning<\/a><\/p>","protected":false},"author":70,"featured_media":0,"parent":0,"menu_order":0,"comment_status":"open","ping_status":"open","template":"","meta":{"_acf_changed":false,"footnotes":""},"class_list":["post-195","page","type-page","status-publish","hentry"],"acf":{"page_subheading":""},"_links":{"self":[{"href":"https:\/\/day-trips-slovenia.com\/sv\/wp-json\/wp\/v2\/pages\/195","targetHints":{"allow":["GET"]}}],"collection":[{"href":"https:\/\/day-trips-slovenia.com\/sv\/wp-json\/wp\/v2\/pages"}],"about":[{"href":"https:\/\/day-trips-slovenia.com\/sv\/wp-json\/wp\/v2\/types\/page"}],"author":[{"embeddable":true,"href":"https:\/\/day-trips-slovenia.com\/sv\/wp-json\/wp\/v2\/users\/70"}],"replies":[{"embeddable":true,"href":"https:\/\/day-trips-slovenia.com\/sv\/wp-json\/wp\/v2\/comments?post=195"}],"version-history":[{"count":0,"href":"https:\/\/day-trips-slovenia.com\/sv\/wp-json\/wp\/v2\/pages\/195\/revisions"}],"wp:attachment":[{"href":"https:\/\/day-trips-slovenia.com\/sv\/wp-json\/wp\/v2\/media?parent=195"}],"curies":[{"name":"wp","href":"https:\/\/api.w.org\/{rel}","templated":true}]}}