{"id":175,"date":"2022-02-22T09:48:06","date_gmt":"2022-02-22T09:48:06","guid":{"rendered":"http:\/\/day-trips-slovenia.com\/about-us\/"},"modified":"2025-09-08T07:25:36","modified_gmt":"2025-09-08T07:25:36","slug":"about-us","status":"publish","type":"page","link":"https:\/\/day-trips-slovenia.com\/sv\/om-oss\/","title":{"rendered":"About Us"},"content":{"rendered":"<p>Varje dag \u00f6verv\u00e4ldigas jag fortfarande av den magiska charmen i mitt hemland Slovenien, trots att jag har gjort min besk\u00e4rda del av resor runt om i v\u00e4rlden och tycker om att resa. F\u00f6r mig \u00e4r det fortfarande det vackraste landet i v\u00e4rlden.<\/p>\n\n\n\n<p>Det finns helt enkelt f\u00f6r mycket att se, bes\u00f6ka och uppleva, och ibland k\u00e4nns det \u00f6verv\u00e4ldigande. D\u00e4rf\u00f6r f\u00f6rs\u00f6ker jag hj\u00e4lpa s\u00e5 m\u00e5nga som m\u00f6jligt att g\u00f6ra tillfredsst\u00e4llande resor i Slovenien och hoppas att de kommer att minnas dem f\u00f6r livet.<\/p>\n\n\n\n<p>\u00c4r du sugen p\u00e5 en resa runt om i Slovenien? D\u00e5 \u00e4r det dags att \u00e5ka!<\/p>\n\n\n\n<p>Oavsett om du \u00e4r i Slovenien p\u00e5 semester eller bor h\u00e4r, om du bara r\u00e5kar passera p\u00e5 ett snabbt bes\u00f6k eller om du bara r\u00e5kar vara p\u00e5 genomresa -&nbsp;<a href=\"https:\/\/day-trips-slovenia.com\/sv\/\">Dagsturer<\/a>&nbsp;bjuder in dig att f\u00f6lja med oss f\u00f6r att utforska de mest fantastiska platser som landet har att erbjuda.<\/p>\n\n\n\n<figure class=\"wp-block-image size-large\"><img decoding=\"async\" width=\"1024\" height=\"683\" src=\"https:\/\/day-trips-slovenia.com\/wp-content\/uploads\/Ljubljana-city-11-1024x683.webp\" alt=\"Ljubljana stad x\" class=\"wp-image-2427\" title=\"Ljubljana stad x\" srcset=\"https:\/\/day-trips-slovenia.com\/wp-content\/uploads\/Ljubljana-city-11-1024x683.webp 1024w, https:\/\/day-trips-slovenia.com\/wp-content\/uploads\/Ljubljana-city-11-300x200.webp 300w, https:\/\/day-trips-slovenia.com\/wp-content\/uploads\/Ljubljana-city-11-768x512.webp 768w, https:\/\/day-trips-slovenia.com\/wp-content\/uploads\/Ljubljana-city-11-1536x1024.webp 1536w, https:\/\/day-trips-slovenia.com\/wp-content\/uploads\/Ljubljana-city-11-18x12.webp 18w, https:\/\/day-trips-slovenia.com\/wp-content\/uploads\/Ljubljana-city-11.webp 1920w\" sizes=\"(max-width: 1024px) 100vw, 1024px\" \/><\/figure>\n\n\n\n<h2 class=\"wp-block-heading\"><strong>Ett litet land med o\u00e4ndliga m\u00f6jligheter<\/strong><\/h2>\n\n\n\n<p>Ingen annanstans i v\u00e4rlden hittar du s\u00e5 mycket m\u00e5ngfald p\u00e5 ett s\u00e5 litet omr\u00e5de. Slovenien \u00e4r hemvist f\u00f6r endast 2 miljoner m\u00e4nniskor, men dess historia, kultur och traditioner \u00e4r om\u00e4tbara. Med sina majest\u00e4tiska bergskedjor, vida \u00f6ppna sl\u00e4tter, \u00e4ndl\u00f6sa b\u00f6ljande kullar, skogar och f\u00e4lt, or\u00f6rda floder, sj\u00f6ar och hav \u00e4r Sloveniens natur lika spektakul\u00e4r. Och vad som g\u00f6r det \u00e4nnu b\u00e4ttre \u00e4r att du kan uppleva alla dess skatter inom n\u00e5gra timmar! Hela landskap och till och med mikroklimatet f\u00f6r\u00e4ndras n\u00e4r du reser fr\u00e5n en del av landet till en annan.<\/p>\n\n\n\n<figure class=\"wp-block-image size-large\"><img decoding=\"async\" width=\"1024\" height=\"683\" src=\"https:\/\/day-trips-slovenia.com\/wp-content\/uploads\/Slovenian-Winemaker-vineyard-4-1024x683.webp\" alt=\"Slovenisk vinmakare ving\u00e5rd x\" class=\"wp-image-2329\" title=\"Slovenisk vinmakare ving\u00e5rd x\" srcset=\"https:\/\/day-trips-slovenia.com\/wp-content\/uploads\/Slovenian-Winemaker-vineyard-4-1024x683.webp 1024w, https:\/\/day-trips-slovenia.com\/wp-content\/uploads\/Slovenian-Winemaker-vineyard-4-300x200.webp 300w, https:\/\/day-trips-slovenia.com\/wp-content\/uploads\/Slovenian-Winemaker-vineyard-4-768x512.webp 768w, https:\/\/day-trips-slovenia.com\/wp-content\/uploads\/Slovenian-Winemaker-vineyard-4-18x12.webp 18w, https:\/\/day-trips-slovenia.com\/wp-content\/uploads\/Slovenian-Winemaker-vineyard-4.webp 1250w\" sizes=\"(max-width: 1024px) 100vw, 1024px\" \/><\/figure>\n\n\n\n<h2 class=\"wp-block-heading\"><strong>Bekv\u00e4mt, l\u00e4rorikt, roligt och prisv\u00e4rt<\/strong><\/h2>\n\n\n\n<p>Vi erbjuder utm\u00e4rkta, v\u00e4lplanerade dagsutflykter fr\u00e5n fantastiska platser till ett brett urval av andra fantastiska platser. Om du vill se Sloveniens h\u00f6jdpunkter kan du b\u00f6rja dina resor fr\u00e5n&nbsp;<a href=\"https:\/\/day-trips-slovenia.com\/sv\/from-ljubljana\/\">Ljubljana<\/a>, fr\u00e5n&nbsp;<a href=\"https:\/\/day-trips-slovenia.com\/sv\/from-bled\/\">Bled<\/a>, fr\u00e5n&nbsp;<a href=\"https:\/\/day-trips-slovenia.com\/sv\/from-koper\/\">Koper<\/a>&nbsp;\u00e4ven fr\u00e5n angr\u00e4nsande&nbsp;<a href=\"https:\/\/day-trips-slovenia.com\/sv\/from-zagreb\/\">Zagreb<\/a>&nbsp;och&nbsp;<a href=\"https:\/\/day-trips-slovenia.com\/sv\/from-venice\/\">Venedig<\/a>. D\u00e5 \u00e4r du definitivt p\u00e5 r\u00e4tt plats. Du kommer att bes\u00f6ka v\u00e5rt lands fantastiska landm\u00e4rken, bevittna dess hisnande naturupplevelser och l\u00e4ra dig mer om folket och dess kultur. Vi tar dig med p\u00e5 fotoresor och vinresor, djupt under jorden eller h\u00f6gt ovanf\u00f6r den. Fr\u00e5n soliga ving\u00e5rdar till sportiga adrenalinkickar, gamla kvarlevor till moderna attraktioner. Och om du vill ha en skr\u00e4ddarsydd upplevelse erbjuder vi \u00e4ven privata turer till var du vill \u00e5ka.<\/p>\n\n\n\n<figure class=\"wp-block-image size-large\"><img decoding=\"async\" width=\"1024\" height=\"683\" src=\"https:\/\/day-trips-slovenia.com\/wp-content\/uploads\/Lake-Jasna-in-Kranjska-gora-7-1024x683.webp\" alt=\"Sj\u00f6n Jasna i Kranjska gora x\" class=\"wp-image-2521\" title=\"Sj\u00f6n Jasna i Kranjska gora x\" srcset=\"https:\/\/day-trips-slovenia.com\/wp-content\/uploads\/Lake-Jasna-in-Kranjska-gora-7-1024x683.webp 1024w, https:\/\/day-trips-slovenia.com\/wp-content\/uploads\/Lake-Jasna-in-Kranjska-gora-7-300x200.webp 300w, https:\/\/day-trips-slovenia.com\/wp-content\/uploads\/Lake-Jasna-in-Kranjska-gora-7-768x512.webp 768w, https:\/\/day-trips-slovenia.com\/wp-content\/uploads\/Lake-Jasna-in-Kranjska-gora-7-18x12.webp 18w, https:\/\/day-trips-slovenia.com\/wp-content\/uploads\/Lake-Jasna-in-Kranjska-gora-7.webp 1250w\" sizes=\"(max-width: 1024px) 100vw, 1024px\" \/><\/figure>\n\n\n\n<h2 class=\"wp-block-heading\"><strong>Vilka \u00e4r vi och vad g\u00f6r oss till de b\u00e4sta resekompisarna?<\/strong><\/h2>\n\n\n\n<p>Vi \u00e4r ett g\u00e4ng globetrotters som \u00e4lskar att dela de otroliga f\u00f6rdelarna med att resa med andra. V\u00e5rt f\u00f6retag har funnits sedan 2014 och v\u00e5rt team representerar m\u00e5nga \u00e5rs erfarenhet inom turism och f\u00f6rst\u00e5r vad det inneb\u00e4r att f\u00e5 in s\u00e5 m\u00e5nga intressanta sev\u00e4rdheter, ljud och smaker som m\u00f6jligt i en dagsresa. Vi \u00e4r f\u00f6dda och uppvuxna i Slovenien och k\u00e4nner platsen utan och innan. Tillsammans med betrodda lokala leverant\u00f6rer, transferf\u00f6retag och professionella guider skapar vi all-inclusive-resor som g\u00f6r att du inte g\u00e5r miste om n\u00e5got.<\/p>\n\n\n\n<p>Day Trips Slovenia \u00e4r ocks\u00e5 finansiellt skyddade, vilket inneb\u00e4r att dina resor \u00e4r s\u00e4kra hos oss.<\/p>\n\n\n\n<figure class=\"wp-block-image size-large\"><img decoding=\"async\" src=\"https:\/\/day-trips-slovenia.com\/wp-content\/uploads\/NASLOVNA-bled-1024x683.webp\" alt=\"\" class=\"wp-image-2913\"\/><\/figure>\n\n\n\n<h2 class=\"wp-block-heading\"><strong>Varning: Slovenien kan vara beroendeframkallande<\/strong><\/h2>\n\n\n\n<p>De flesta som bes\u00f6ker Slovenien kommer tillbaka om och om igen. Ja, det h\u00e4nder ofta att man helt enkelt blir galet f\u00f6r\u00e4lskad i en, tv\u00e5 eller flera platser. Vi f\u00f6rst\u00e5r detta b\u00e4ttre \u00e4n n\u00e5gon annan. S\u00e5 n\u00e4r en enda dagsutflykt helt enkelt inte r\u00e4cker till har v\u00e5r utvidgade familj din rygg:<\/p>\n\n\n\n<p>Ett gr\u00e4nsl\u00f6st urval av sp\u00e4nnande <a href=\"http:\/\/slovenia-activities.com\">aktiviteter i Slovenien<\/a>, och ett stort antal olika <a href=\"http:\/\/slovenia-holidays.com\">semesterpaket<\/a>. Och f\u00f6r att g\u00f6ra det hela \u00e4nnu b\u00e4ttre kan du bes\u00f6ka <a href=\"http:\/\/slovenialuxuryholidays.com\">Lyxsemester i Slovenien<\/a> eller skriv din egen k\u00e4rlekshistoria med <a href=\"http:\/\/honeymoonslovenia.com\">Smekm\u00e5nad i Slovenien<\/a>.<\/p>\n\n\n\n<p>Din n\u00e4sta of\u00f6rgl\u00f6mliga dagsutflykt v\u00e4ntar och vi \u00e4r lika glada som du \u00e4r!<\/p>","protected":false},"excerpt":{"rendered":"<p>Varje dag \u00f6verv\u00e4ldigas jag av den magiska charmen i mitt hemland Slovenien, trots att jag har rest en hel del runt om i v\u00e4rlden och tycker om att resa. F\u00f6r mig \u00e4r det fortfarande det vackraste landet i v\u00e4rlden. Det finns bara f\u00f6r m\u00e5nga saker att se, bes\u00f6ka och uppleva, och ibland \u00e4r det ... <a href=\"https:\/\/day-trips-slovenia.com\/sv\/om-oss\/\">Forts\u00e4ttning<\/a><\/p>","protected":false},"author":70,"featured_media":2562,"parent":0,"menu_order":0,"comment_status":"open","ping_status":"open","template":"","meta":{"_acf_changed":false,"footnotes":""},"class_list":["post-175","page","type-page","status-publish","has-post-thumbnail","hentry"],"acf":{"page_subheading":"Your number one destination for number one destinations in Slovenia, offering single-day trips to the must-see locations around this scenic country."},"_links":{"self":[{"href":"https:\/\/day-trips-slovenia.com\/sv\/wp-json\/wp\/v2\/pages\/175","targetHints":{"allow":["GET"]}}],"collection":[{"href":"https:\/\/day-trips-slovenia.com\/sv\/wp-json\/wp\/v2\/pages"}],"about":[{"href":"https:\/\/day-trips-slovenia.com\/sv\/wp-json\/wp\/v2\/types\/page"}],"author":[{"embeddable":true,"href":"https:\/\/day-trips-slovenia.com\/sv\/wp-json\/wp\/v2\/users\/70"}],"replies":[{"embeddable":true,"href":"https:\/\/day-trips-slovenia.com\/sv\/wp-json\/wp\/v2\/comments?post=175"}],"version-history":[{"count":17,"href":"https:\/\/day-trips-slovenia.com\/sv\/wp-json\/wp\/v2\/pages\/175\/revisions"}],"predecessor-version":[{"id":5182,"href":"https:\/\/day-trips-slovenia.com\/sv\/wp-json\/wp\/v2\/pages\/175\/revisions\/5182"}],"wp:featuredmedia":[{"embeddable":true,"href":"https:\/\/day-trips-slovenia.com\/sv\/wp-json\/wp\/v2\/media\/2562"}],"wp:attachment":[{"href":"https:\/\/day-trips-slovenia.com\/sv\/wp-json\/wp\/v2\/media?parent=175"}],"curies":[{"name":"wp","href":"https:\/\/api.w.org\/{rel}","templated":true}]}}