{"id":192,"date":"2022-03-14T08:31:32","date_gmt":"2022-03-14T08:31:32","guid":{"rendered":"http:\/\/day-trips-slovenia.com\/about-slovenia\/"},"modified":"2023-08-22T13:26:36","modified_gmt":"2023-08-22T13:26:36","slug":"about-slovenia","status":"publish","type":"page","link":"https:\/\/day-trips-slovenia.com\/nl\/over-slovenie\/","title":{"rendered":"Over Sloveni\u00eb"},"content":{"rendered":"<p>Het is niet toevallig dat het wereldwijde reisboek Lonely Planet Sloveni\u00eb in zijn top 5 plaatste van plaatsen om te bezoeken in 2022. Sloveni\u00eb is een klein land vol diversiteit. Je kunt er in \u00e9\u00e9n dag genieten van de bergen, de zee, de Pannonische vlakte, uitgestrekte bossen en wijnheuvels. En dat niet alleen; Het is een groen land dat gekenmerkt wordt door zijn constante streven naar duurzaamheid van zijn groene omgeving en rijke cultuur.<\/p>\n\n\n\n<p>Sloveni\u00eb is een paradijs voor liefhebbers van avontuur in de buitenlucht. Wandelen en hiken is het favoriete lokale tijdverdrijf, met fietsen en ski\u00ebn in de winter niet ver daarachter. Dan zijn er ook nog de kristalheldere rivieren zoals de So\u010da, waar u van alles kunt proberen, van raften tot canyoning. Elk divers landschap in Sloveni\u00eb is een speeltuin voor vele soorten buitenactiviteiten.<\/p>\n\n\n\n<p>Hoewel je dat misschien denkt, komt niet al het mooie in dit groene land uit de natuur. De menselijke activiteit in Sloveni\u00eb is er in harmonie mee, maar valt ook op. De geschiedenis van het land is rijk aan verschillende invloeden, waardoor de cultuur bijzonder levendig en divers is. De architectuur weerspiegelt dat - van de Venetiaans ge\u00efnspireerde kustplaatsen, de gotische kerken in de Julische Alpen, de jugendstilgebouwen in Ljubljana, en nog veel meer.<\/p>\n\n\n\n<p>Dezelfde mix is te vinden in de keuken van Sloveni\u00eb. Door iets te lenen van elk van zijn buren - Oostenrijk, Itali\u00eb, Hongarije en de Balkan - heeft het zijn eigen unieke gerechten gevormd die sterk verbonden zijn met het landschap waarin ze worden gemaakt. Dit maakt Sloveni\u00eb tot een geweldige bestemming voor alle fijnproevers, en daarom werd het in 2021 ook uitgeroepen tot Europese regio van de gastronomie. Gerechten als de hartige Carniola-worst, de zoete of '\u0160truklji' of de verrukkelijke 'Potica' zijn allemaal het proberen waard hier tijdens uw bezoek aan Sloveni\u00eb.<\/p>","protected":false},"excerpt":{"rendered":"<p>It is not by accident that the global travel book Lonely Planet placed Slovenia on its top 5 of places to visit in 2022. Slovenia is a small country full of diversity. You can enjoy the mountains, the sea, the Pannonian plains, vast forests, and wine-growing hills in only a day. And not only that; &hellip; <a href=\"https:\/\/day-trips-slovenia.com\/nl\/over-slovenie\/\">Vervolg<\/a><\/p>","protected":false},"author":70,"featured_media":0,"parent":0,"menu_order":0,"comment_status":"open","ping_status":"open","template":"","meta":{"_acf_changed":false,"footnotes":""},"class_list":["post-192","page","type-page","status-publish","hentry"],"acf":{"page_subheading":""},"_links":{"self":[{"href":"https:\/\/day-trips-slovenia.com\/nl\/wp-json\/wp\/v2\/pages\/192","targetHints":{"allow":["GET"]}}],"collection":[{"href":"https:\/\/day-trips-slovenia.com\/nl\/wp-json\/wp\/v2\/pages"}],"about":[{"href":"https:\/\/day-trips-slovenia.com\/nl\/wp-json\/wp\/v2\/types\/page"}],"author":[{"embeddable":true,"href":"https:\/\/day-trips-slovenia.com\/nl\/wp-json\/wp\/v2\/users\/70"}],"replies":[{"embeddable":true,"href":"https:\/\/day-trips-slovenia.com\/nl\/wp-json\/wp\/v2\/comments?post=192"}],"version-history":[{"count":1,"href":"https:\/\/day-trips-slovenia.com\/nl\/wp-json\/wp\/v2\/pages\/192\/revisions"}],"predecessor-version":[{"id":2822,"href":"https:\/\/day-trips-slovenia.com\/nl\/wp-json\/wp\/v2\/pages\/192\/revisions\/2822"}],"wp:attachment":[{"href":"https:\/\/day-trips-slovenia.com\/nl\/wp-json\/wp\/v2\/media?parent=192"}],"curies":[{"name":"wp","href":"https:\/\/api.w.org\/{rel}","templated":true}]}}