{"id":175,"date":"2022-02-22T09:48:06","date_gmt":"2022-02-22T09:48:06","guid":{"rendered":"http:\/\/day-trips-slovenia.com\/about-us\/"},"modified":"2025-09-08T07:25:36","modified_gmt":"2025-09-08T07:25:36","slug":"about-us","status":"publish","type":"page","link":"https:\/\/day-trips-slovenia.com\/nl\/over-ons\/","title":{"rendered":"About Us"},"content":{"rendered":"<p>De magische charme van mijn vaderland, Sloveni\u00eb, overvalt me nog elke dag, ook al heb ik al heel wat reizen gemaakt over de hele wereld en geniet ik van het reizen. Voor mij is het nog steeds het mooiste land ter wereld.<\/p>\n\n\n\n<p>Er zijn gewoon te veel dingen te zien, te bezoeken en te beleven, en soms voelt dat overweldigend. Daarom probeer ik zoveel mogelijk mensen te helpen bij het maken van bevredigende reizen door Sloveni\u00eb en hoop ik dat ze zich die reizen een leven lang zullen herinneren.<\/p>\n\n\n\n<p>Dus, heb je zin in een reis door Sloveni\u00eb en daarbuiten? Laten we dan gaan!<\/p>\n\n\n\n<p>Of u nu in Sloveni\u00eb op vakantie bent of hier woont, een snelle tussenstop maakt of gewoon op doorreis bent...&nbsp;<a href=\"https:\/\/day-trips-slovenia.com\/nl\/\">Dagtochten<\/a>&nbsp;nodigt u uit om samen met ons de meest verbazingwekkende plaatsen te verkennen die het land te bieden heeft.<\/p>\n\n\n\n<figure class=\"wp-block-image size-large\"><img decoding=\"async\" width=\"1024\" height=\"683\" src=\"https:\/\/day-trips-slovenia.com\/wp-content\/uploads\/Ljubljana-city-11-1024x683.webp\" alt=\"Ljubljana stad x\" class=\"wp-image-2427\" title=\"Ljubljana stad x\" srcset=\"https:\/\/day-trips-slovenia.com\/wp-content\/uploads\/Ljubljana-city-11-1024x683.webp 1024w, https:\/\/day-trips-slovenia.com\/wp-content\/uploads\/Ljubljana-city-11-300x200.webp 300w, https:\/\/day-trips-slovenia.com\/wp-content\/uploads\/Ljubljana-city-11-768x512.webp 768w, https:\/\/day-trips-slovenia.com\/wp-content\/uploads\/Ljubljana-city-11-1536x1024.webp 1536w, https:\/\/day-trips-slovenia.com\/wp-content\/uploads\/Ljubljana-city-11-18x12.webp 18w, https:\/\/day-trips-slovenia.com\/wp-content\/uploads\/Ljubljana-city-11.webp 1920w\" sizes=\"(max-width: 1024px) 100vw, 1024px\" \/><\/figure>\n\n\n\n<h2 class=\"wp-block-heading\"><strong>Een klein land met eindeloze mogelijkheden<\/strong><\/h2>\n\n\n\n<p>Nergens ter wereld vindt u zoveel diversiteit in zo'n klein gebied. Sloveni\u00eb telt slechts 2 miljoen inwoners, maar zijn geschiedenis, cultuur en tradities zijn onmetelijk. Met zijn majestueuze bergketens, uitgestrekte vlakten, eindeloos glooiende heuvels, bossen en velden, ongerepte rivieren, meren en de zee is de Sloveense natuur al even spectaculair. En wat het nog mooier maakt, is dat u al deze schatten binnen enkele uren kunt ervaren! Hele landschappen en zelfs microklimaten veranderen als u van het ene deel van het land naar het andere reist.<\/p>\n\n\n\n<figure class=\"wp-block-image size-large\"><img decoding=\"async\" width=\"1024\" height=\"683\" src=\"https:\/\/day-trips-slovenia.com\/wp-content\/uploads\/Slovenian-Winemaker-vineyard-4-1024x683.webp\" alt=\"Sloveense wijnmaker wijngaard x\" class=\"wp-image-2329\" title=\"Sloveense wijnmaker wijngaard x\" srcset=\"https:\/\/day-trips-slovenia.com\/wp-content\/uploads\/Slovenian-Winemaker-vineyard-4-1024x683.webp 1024w, https:\/\/day-trips-slovenia.com\/wp-content\/uploads\/Slovenian-Winemaker-vineyard-4-300x200.webp 300w, https:\/\/day-trips-slovenia.com\/wp-content\/uploads\/Slovenian-Winemaker-vineyard-4-768x512.webp 768w, https:\/\/day-trips-slovenia.com\/wp-content\/uploads\/Slovenian-Winemaker-vineyard-4-18x12.webp 18w, https:\/\/day-trips-slovenia.com\/wp-content\/uploads\/Slovenian-Winemaker-vineyard-4.webp 1250w\" sizes=\"(max-width: 1024px) 100vw, 1024px\" \/><\/figure>\n\n\n\n<h2 class=\"wp-block-heading\"><strong>Comfortabel, leerzaam, leuk &amp; betaalbaar<\/strong><\/h2>\n\n\n\n<p>Wij bieden uitstekende, goed geplande dagtochten vanuit schitterende locaties naar een brede selectie van andere schitterende locaties. Als u de hoogtepunten van Sloveni\u00eb wilt zien, start uw reizen dan vanaf&nbsp;<a href=\"https:\/\/day-trips-slovenia.com\/nl\/from-ljubljana\/\">Ljubljana<\/a>van&nbsp;<a href=\"https:\/\/day-trips-slovenia.com\/nl\/from-bled\/\">Bled<\/a>van&nbsp;<a href=\"https:\/\/day-trips-slovenia.com\/nl\/from-koper\/\">Koper<\/a>&nbsp;zelfs van naburige&nbsp;<a href=\"https:\/\/day-trips-slovenia.com\/nl\/from-zagreb\/\">Zagreb<\/a>&nbsp;en&nbsp;<a href=\"https:\/\/day-trips-slovenia.com\/nl\/from-venice\/\">Veneti\u00eb<\/a>. Dan ben je zeker op de juiste plaats. Je bezoekt de geweldige bezienswaardigheden van ons land, bent getuige van de adembenemende natuur en leert over de mensen en hun cultuur. We nemen je mee op foto-trips en wijntours, diep onder de grond of hoog daarboven. Van zonnige wijngaarden tot sportieve adrenalinetochten, van oude relikwie\u00ebn tot moderne attracties. En als je een ervaring op maat wilt, bieden we zelfs priv\u00e9tours aan naar waar je maar wilt.<\/p>\n\n\n\n<figure class=\"wp-block-image size-large\"><img decoding=\"async\" width=\"1024\" height=\"683\" src=\"https:\/\/day-trips-slovenia.com\/wp-content\/uploads\/Lake-Jasna-in-Kranjska-gora-7-1024x683.webp\" alt=\"Jasna-meer in Kranjska gora x\" class=\"wp-image-2521\" title=\"Jasna-meer in Kranjska gora x\" srcset=\"https:\/\/day-trips-slovenia.com\/wp-content\/uploads\/Lake-Jasna-in-Kranjska-gora-7-1024x683.webp 1024w, https:\/\/day-trips-slovenia.com\/wp-content\/uploads\/Lake-Jasna-in-Kranjska-gora-7-300x200.webp 300w, https:\/\/day-trips-slovenia.com\/wp-content\/uploads\/Lake-Jasna-in-Kranjska-gora-7-768x512.webp 768w, https:\/\/day-trips-slovenia.com\/wp-content\/uploads\/Lake-Jasna-in-Kranjska-gora-7-18x12.webp 18w, https:\/\/day-trips-slovenia.com\/wp-content\/uploads\/Lake-Jasna-in-Kranjska-gora-7.webp 1250w\" sizes=\"(max-width: 1024px) 100vw, 1024px\" \/><\/figure>\n\n\n\n<h2 class=\"wp-block-heading\"><strong>Wie zijn wij en wat maakt ons de beste reisvrienden?<\/strong><\/h2>\n\n\n\n<p>Wij zijn een stel globetrotters die graag de ongelooflijke voordelen van reizen met anderen delen. Ons bedrijf bestaat sinds 2014 en ons team vertegenwoordigt jarenlange ervaring in het toerisme en begrijpt wat het betekent om zoveel mogelijk interessante bezienswaardigheden, geluiden en smaken in \u00e9\u00e9n dagtrip te passen. Geboren en getogen in Sloveni\u00eb, kennen we de plek door en door. Samen met vertrouwde lokale leveranciers, transferbedrijven en professionele gidsen cre\u00ebren we all-inclusive routes die voorkomen dat u iets mist.<\/p>\n\n\n\n<p>Dagtochten Sloveni\u00eb is ook financieel beschermd, wat betekent dat uw reizen bij ons veilig zijn.<\/p>\n\n\n\n<figure class=\"wp-block-image size-large\"><img decoding=\"async\" src=\"https:\/\/day-trips-slovenia.com\/wp-content\/uploads\/NASLOVNA-bled-1024x683.webp\" alt=\"\" class=\"wp-image-2913\"\/><\/figure>\n\n\n\n<h2 class=\"wp-block-heading\"><strong>Waarschuwing: Sloveni\u00eb kan verslavend zijn<\/strong><\/h2>\n\n\n\n<p>De meeste bezoekers van Sloveni\u00eb komen steeds weer terug. Ja, het gebeurt vaak dat je gewoon smoorverliefd wordt op \u00e9\u00e9n, twee of meerdere locaties. Wij begrijpen dat als geen ander. Dus wanneer een enkele dagtocht gewoon niet genoeg is, staat onze uitgebreide familie achter u:<\/p>\n\n\n\n<p>Een grenzeloze keuze aan spannende <a href=\"http:\/\/slovenia-activities.com\">activiteiten in Sloveni\u00eb<\/a>en een grote verscheidenheid aan <a href=\"http:\/\/slovenia-holidays.com\">vakantiepakketten<\/a>. En om er een schepje bovenop te doen kunt u een bezoek brengen aan <a href=\"http:\/\/slovenialuxuryholidays.com\">Sloveni\u00eb Luxe Vakantie<\/a> of schrijf je eigen liefdesverhaal met <a href=\"http:\/\/honeymoonslovenia.com\">Huwelijksreis Sloveni\u00eb<\/a>.<\/p>\n\n\n\n<p>Uw volgende onvergetelijke dagtocht wacht en wij zijn net zo blij als u!<\/p>","protected":false},"excerpt":{"rendered":"<p>De magische charme van mijn eigen land, Sloveni\u00eb, overweldigt me nog elke dag, ook al heb ik al heel wat reizen gemaakt over de hele wereld en geniet ik van reizen. Voor mij is het nog steeds het mooiste land ter wereld. Er zijn gewoon te veel dingen te zien, te bezoeken en te beleven, en soms ... <a href=\"https:\/\/day-trips-slovenia.com\/nl\/over-ons\/\">Vervolg<\/a><\/p>","protected":false},"author":70,"featured_media":2562,"parent":0,"menu_order":0,"comment_status":"open","ping_status":"open","template":"","meta":{"_acf_changed":false,"footnotes":""},"class_list":["post-175","page","type-page","status-publish","has-post-thumbnail","hentry"],"acf":{"page_subheading":"Your number one destination for number one destinations in Slovenia, offering single-day trips to the must-see locations around this scenic country."},"_links":{"self":[{"href":"https:\/\/day-trips-slovenia.com\/nl\/wp-json\/wp\/v2\/pages\/175","targetHints":{"allow":["GET"]}}],"collection":[{"href":"https:\/\/day-trips-slovenia.com\/nl\/wp-json\/wp\/v2\/pages"}],"about":[{"href":"https:\/\/day-trips-slovenia.com\/nl\/wp-json\/wp\/v2\/types\/page"}],"author":[{"embeddable":true,"href":"https:\/\/day-trips-slovenia.com\/nl\/wp-json\/wp\/v2\/users\/70"}],"replies":[{"embeddable":true,"href":"https:\/\/day-trips-slovenia.com\/nl\/wp-json\/wp\/v2\/comments?post=175"}],"version-history":[{"count":17,"href":"https:\/\/day-trips-slovenia.com\/nl\/wp-json\/wp\/v2\/pages\/175\/revisions"}],"predecessor-version":[{"id":5182,"href":"https:\/\/day-trips-slovenia.com\/nl\/wp-json\/wp\/v2\/pages\/175\/revisions\/5182"}],"wp:featuredmedia":[{"embeddable":true,"href":"https:\/\/day-trips-slovenia.com\/nl\/wp-json\/wp\/v2\/media\/2562"}],"wp:attachment":[{"href":"https:\/\/day-trips-slovenia.com\/nl\/wp-json\/wp\/v2\/media?parent=175"}],"curies":[{"name":"wp","href":"https:\/\/api.w.org\/{rel}","templated":true}]}}