{"id":207,"date":"2022-04-14T07:49:34","date_gmt":"2022-04-14T07:49:34","guid":{"rendered":"http:\/\/day-trips-slovenia.com\/equal-opportunities\/"},"modified":"2022-11-29T08:46:42","modified_gmt":"2022-11-29T08:46:42","slug":"equal-opportunities","status":"publish","type":"page","link":"https:\/\/day-trips-slovenia.com\/nb\/like-muligheter\/","title":{"rendered":"Like muligheter"},"content":{"rendered":"<p>I v\u00e5rt lille selskap blir alle mennesker behandlet likt eller p\u00e5 samme m\u00e5te, og blir ikke forfordelt p\u00e5 grunn av fordommer eller forutinntatthet. Vi ansetter mennesker med ulik bakgrunn, religion, kj\u00f8nn og seksuell legning. Det betyr at den beste personen til en jobb eller en forfremmelse er den personen som gj\u00f8r seg fortjent til stillingen basert p\u00e5 kvalifikasjoner, erfaring og kunnskap. V\u00e5rt mangfold p\u00e5 arbeidsplassen verdsetter alles ulikheter.<\/p>","protected":false},"excerpt":{"rendered":"<p>I v\u00e5rt lille selskap blir alle mennesker behandlet likt eller p\u00e5 samme m\u00e5te, og blir ikke forfordelt p\u00e5 grunn av fordommer eller forutinntatthet. Vi ansetter mennesker med ulik bakgrunn, religion, kj\u00f8nn og seksuell legning. Det betyr at den beste personen til en jobb eller en forfremmelse er den personen som gj\u00f8r seg fortjent til stillingen basert p\u00e5 kvalifikasjoner, erfaring og kunnskap. V\u00e5r ... <a href=\"https:\/\/day-trips-slovenia.com\/nb\/like-muligheter\/\">Fortsettelse<\/a><\/p>","protected":false},"author":70,"featured_media":0,"parent":0,"menu_order":0,"comment_status":"open","ping_status":"open","template":"","meta":{"_acf_changed":false,"footnotes":""},"class_list":["post-207","page","type-page","status-publish","hentry"],"acf":{"page_subheading":"Equality of opportunity is one of our primary values \u2014 find out how does it affect our practices."},"_links":{"self":[{"href":"https:\/\/day-trips-slovenia.com\/nb\/wp-json\/wp\/v2\/pages\/207","targetHints":{"allow":["GET"]}}],"collection":[{"href":"https:\/\/day-trips-slovenia.com\/nb\/wp-json\/wp\/v2\/pages"}],"about":[{"href":"https:\/\/day-trips-slovenia.com\/nb\/wp-json\/wp\/v2\/types\/page"}],"author":[{"embeddable":true,"href":"https:\/\/day-trips-slovenia.com\/nb\/wp-json\/wp\/v2\/users\/70"}],"replies":[{"embeddable":true,"href":"https:\/\/day-trips-slovenia.com\/nb\/wp-json\/wp\/v2\/comments?post=207"}],"version-history":[{"count":4,"href":"https:\/\/day-trips-slovenia.com\/nb\/wp-json\/wp\/v2\/pages\/207\/revisions"}],"predecessor-version":[{"id":2661,"href":"https:\/\/day-trips-slovenia.com\/nb\/wp-json\/wp\/v2\/pages\/207\/revisions\/2661"}],"wp:attachment":[{"href":"https:\/\/day-trips-slovenia.com\/nb\/wp-json\/wp\/v2\/media?parent=207"}],"curies":[{"name":"wp","href":"https:\/\/api.w.org\/{rel}","templated":true}]}}