{"id":205,"date":"2022-04-14T07:44:25","date_gmt":"2022-04-14T07:44:25","guid":{"rendered":"http:\/\/day-trips-slovenia.com\/partners\/"},"modified":"2022-12-19T13:05:50","modified_gmt":"2022-12-19T13:05:50","slug":"partners","status":"publish","type":"page","link":"https:\/\/day-trips-slovenia.com\/nb\/partnere\/","title":{"rendered":"Partnere"},"content":{"rendered":"<h2 class=\"wp-block-heading\"><strong><a href=\"https:\/\/tripduck.com\/\" target=\"_blank\" rel=\"noreferrer noopener\">TRIPDUCK<\/a><\/strong><\/h2>\n\n\n\n<p>TripDuck er en plattform som gj\u00f8r det enkelt \u00e5 bestille 1000 h\u00e5ndplukkede opplevelser p\u00e5 en rekke destinasjoner over hele verden.<\/p>\n\n\n\n<h2 class=\"wp-block-heading\"><strong><a href=\"https:\/\/www.sport-piraten.de\/\" target=\"_blank\" rel=\"noreferrer noopener\">SPORT PIRATEN<\/a><\/strong><\/h2>\n\n\n\n<p>Utrolig rafting, juving, tubing og andre guidede turer<\/p>\n\n\n\n<p><\/p>\n\n\n\n<p><\/p>\n\n\n\n<p>en uforglemmelig fiskeopplevelse der du kan fange de st\u00f8rste rovdyrene i Adriaterhavet.<\/p>","protected":false},"excerpt":{"rendered":"<p>TRIPDUCK TripDuck er en plattform som gj\u00f8r det enkelt \u00e5 bestille 1000 h\u00e5ndplukkede opplevelser p\u00e5 en rekke destinasjoner over hele verden. SPORT PIRATEN Fantastisk rafting, juving, tubing og andre guidede turer - en uforglemmelig opplevelse med havfiske etter de st\u00f8rste rovdyrene i Adriaterhavet.<\/p>","protected":false},"author":70,"featured_media":0,"parent":0,"menu_order":0,"comment_status":"open","ping_status":"open","template":"","meta":{"_acf_changed":false,"footnotes":""},"class_list":["post-205","page","type-page","status-publish","hentry"],"acf":{"page_subheading":"We are stronger together."},"_links":{"self":[{"href":"https:\/\/day-trips-slovenia.com\/nb\/wp-json\/wp\/v2\/pages\/205","targetHints":{"allow":["GET"]}}],"collection":[{"href":"https:\/\/day-trips-slovenia.com\/nb\/wp-json\/wp\/v2\/pages"}],"about":[{"href":"https:\/\/day-trips-slovenia.com\/nb\/wp-json\/wp\/v2\/types\/page"}],"author":[{"embeddable":true,"href":"https:\/\/day-trips-slovenia.com\/nb\/wp-json\/wp\/v2\/users\/70"}],"replies":[{"embeddable":true,"href":"https:\/\/day-trips-slovenia.com\/nb\/wp-json\/wp\/v2\/comments?post=205"}],"version-history":[{"count":4,"href":"https:\/\/day-trips-slovenia.com\/nb\/wp-json\/wp\/v2\/pages\/205\/revisions"}],"predecessor-version":[{"id":2684,"href":"https:\/\/day-trips-slovenia.com\/nb\/wp-json\/wp\/v2\/pages\/205\/revisions\/2684"}],"wp:attachment":[{"href":"https:\/\/day-trips-slovenia.com\/nb\/wp-json\/wp\/v2\/media?parent=205"}],"curies":[{"name":"wp","href":"https:\/\/api.w.org\/{rel}","templated":true}]}}