{"id":202,"date":"2022-04-14T07:21:49","date_gmt":"2022-04-14T07:21:49","guid":{"rendered":"http:\/\/day-trips-slovenia.com\/know-before-you-go\/"},"modified":"2022-12-06T22:54:14","modified_gmt":"2022-12-06T22:54:14","slug":"know-before-you-go","status":"publish","type":"page","link":"https:\/\/day-trips-slovenia.com\/nb\/vet-for-du-reiser\/","title":{"rendered":"Dette b\u00f8r du vite f\u00f8r du drar"},"content":{"rendered":"<h2 class=\"wp-block-heading\" id=\"headline-10-8229\">Hvordan kommer jeg meg til Slovenia?<\/h2>\n\n\n\n<p>\u00c5 reise til Slovenia er enkelt og kan gj\u00f8res p\u00e5 den m\u00e5ten du finner mest praktisk.<\/p>\n\n\n\n<h3 class=\"wp-block-heading\" id=\"by-plane\"><br><strong>MED FLY<\/strong><\/h3>\n\n\n\n<p>Slovenia har 3 internasjonale flyplasser, som alle er sv\u00e6rt tilgjengelige og enkle \u00e5 navigere.<\/p>\n\n\n\n<ul class=\"wp-block-list\"><li>Ljubljana (Jo\u017ee Pu\u010dnik lufthavn)<br>Denne lille, men sjarmerende flyplassen er Slovenias viktigste internasjonale flyplass og ligger 26 km nord for hovedstaden Ljubljana. Derfra kan du ta taxi, flyplasstransport, leiebil eller velge andre transportalternativer, avhengig av reiserute og preferanser. Jo\u017ee Pu\u010dnik lufthavn er det mest optimale alternativet, siden den har det bredeste utvalget av flyvninger og en ypperlig sentral beliggenhet.<\/li><\/ul>\n\n\n\n<ul class=\"wp-block-list\"><li>Maribor (Edvard Rusjan lufthavn)<br>Slovenias nest st\u00f8rste internasjonale flyplass ligger ca. 10 km s\u00f8r for Maribor, landets nest st\u00f8rste by.<br>Reiser til og fra Maribor lufthavn gj\u00f8res med taxi eller forh\u00e5ndsbestilt transport, og brukes hovedsakelig til sesong- og charterflyvninger.<\/li><\/ul>\n\n\n\n<ul class=\"wp-block-list\"><li>Portoro\u017e lufthavn - mindre charter-, forretnings- og fraktflyvninger<br>Flyplassen i Portoroz ligger 6 km s\u00f8r for Portoro\u017e, Slovenias kystby. Trieste (Italia), Koper, Postojna, Ljubljana (Slovenia) og kroatiske byer p\u00e5 Istria-halv\u00f8ya ligger alle i umiddelbar n\u00e6rhet.<\/li><\/ul>\n\n\n\n<p>Alternative flyplasser i n\u00e6rheten av Slovenia er Zagreb, Pula, Klagenfurt, Graz, Trieste, Venezia og Wien.<\/p>\n\n\n\n<h3 class=\"wp-block-heading\" id=\"by-bus\"><br><strong>MED BUSS<\/strong><\/h3>\n\n\n\n<p><br>Du kan reise til Slovenia med buss fra en liste over europeiske byer.<br>Det finnes direkte bussforbindelser s\u00e5 langt som til Sverige og Danmark.<br>De fleste internasjonale busser stopper i Ljubljana eller andre st\u00f8rre byer i Slovenia.<br>FlixBus og Nomago busser er blant de mest popul\u00e6re leverand\u00f8rene.<\/p>\n\n\n\n<h3 class=\"wp-block-heading\" id=\"by-train\"><br><strong>MED TOG<\/strong><\/h3>\n\n\n\n<p><br>Det er ogs\u00e5 veldig enkelt \u00e5 ta tog til Slovenia.<br>Det er gode og regelmessige togforbindelser fra nabolandene og resten av EU. Disse omfatter bl.a: Kroatia, Italia, \u00d8sterrike, Ungarn, Serbia, Tsjekkia, Tyskland, Sveits osv.<br>Slovenia er inkludert i Eurail Global Pass-systemet, som gj\u00f8r det billigere \u00e5 reise med tog.<br>I tillegg er n\u00e6rliggende flyplasser, som Trieste, Zagreb eller Wien, forbundet med jernbane.<\/p>\n\n\n\n<h3 class=\"wp-block-heading\" id=\"by-car-bike-motorbike-on-foot\"><br><strong>MED BIL, SYKKEL, MOTORSYKKEL ELLER TIL FOTS<\/strong><\/h3>\n\n\n\n<p><br>\u00c5 reise til Slovenia med bil eller motorsykkel kan f\u00f8re deg ned mindre lokale veier eller regionale motorveier og motorveier. Vi anbefaler sistnevnte, da det er mye raskere og inneb\u00e6rer mindre risiko for \u00e5 kj\u00f8re seg vill.<br>Hvis du er p\u00e5 vei inn i Slovenia p\u00e5 sykkel eller (av ukjente grunner) til fots, er det bare \u00e5 gratulere, for dette er de gr\u00f8nneste reisemetodene som finnes. Begge deler kan gj\u00f8res ved \u00e5 krysse en hvilken som helst grense (bortsett fra motorveikryssinger, selvsagt), og deretter f\u00f8lge lokale veier dit du skal.<\/p>\n\n\n\n<h3 class=\"wp-block-heading\" id=\"by-boat-ferry\"><br><strong>MED B\u00c5T\/FERGE<\/strong><\/h3>\n\n\n\n<p><br>Det g\u00e5r direkteferger fra Italia, eller du kan seile inn fra Kroatia.<br>Slovenia har 4 sm\u00e5 havner\/marinaer hvor du kan fort\u00f8ye.<br>Det er obligatorisk \u00e5 sjekke tilgjengelighet og andre krav, s\u00e6rlig i h\u00f8ysesongen.<\/p>\n\n\n\n<h2 class=\"wp-block-heading\" id=\"headline-49-8229\">Hvor skal jeg bo?<\/h2>\n\n\n\n<p>Det er enkelt \u00e5 finne et passende, rent, komfortabelt og praktisk sted \u00e5 bo i Slovenia. Det finnes mer enn nok hoteller, herberger eller private alternativer i form av Airbnb og Booking i byer og p\u00e5 landsbygda.<\/p>\n\n\n\n<p>S\u00f8rg for \u00e5 bestille p\u00e5 forh\u00e5nd hvis du reiser til Slovenia i h\u00f8ysesongen, som inkluderer m\u00e5nedene juni, juli, august, oktober og desember.<\/p>\n\n\n\n<p>Camping og glamping er fantastiske valg hvis du vil tilbringe ferien i Slovenias imponerende natur. Det finnes mange fantastiske campingplasser over hele landet, ogs\u00e5 i n\u00e6rheten av kjente landemerker.<\/p>\n\n\n\n<p>Apropos natur, mange turistg\u00e5rder tilbyr overnatting med autentisk lokal gastronomi, og fjellhytter lover komfortable overnattinger og kan skryte av ufattelig vakker utsikt over de slovenske fjellene.<\/p>\n\n\n\n<h2 class=\"wp-block-heading\" id=\"headline-56-8229\">Snakker folk engelsk?<\/h2>\n\n\n\n<p>Ja, de fleste slovenere under 65 \u00e5r snakker relativt godt engelsk, og nesten alle unge snakker spr\u00e5ket flytende, i likhet med ansatte i turist- og hotellbransjen. Tysk snakkes av mange i den eldre generasjonen.<br>Italiensk snakkes av flertallet av befolkningen i kystomr\u00e5det, og noen kan til og med spansk, fransk og russisk.<br>Kroatisk, serbisk eller deres serbokroatiske variant forst\u00e5s og snakkes p\u00e5 et h\u00f8yt ferdighetsniv\u00e5 av en stor del av slovenerne.<\/p>\n\n\n\n<h2 class=\"wp-block-heading\" id=\"headline-59-8229\">Hva er vanlige \u00e5pningstider?<\/h2>\n\n\n\n<p>Ulike typer butikker er vanligvis \u00e5pne mellom 08:00 og 20:00 (pluss minus en time).<br>Turistattraksjoner har egne rutetider, s\u00e5 det er lurt \u00e5 sjekke p\u00e5 nettet p\u00e5 forh\u00e5nd.<br>Museer, gallerier og andre kulturinstitusjoner er noen ganger stengt p\u00e5 hverdager. Igjen, det beste du kan gj\u00f8re er \u00e5 sjekke.<\/p>\n\n\n\n<h2 class=\"wp-block-heading\" id=\"headline-62-8229\">M\u00e5 jeg bruke lokale penger?<\/h2>\n\n\n\n<p>Ja, Slovenias valuta er euro.<\/p>\n\n\n\n<h2 class=\"wp-block-heading\" id=\"headline-65-8229\">Er kredittkort allment akseptert?<\/h2>\n\n\n\n<p>Ja, de fleste kredittkort aksepteres (Visa, MasterCard, Maestro, American Express osv.).<br>Enkelte landsbyer og avsidesliggende steder kan v\u00e6re vanskelige. Dette inkluderer turistg\u00e5rder og fjellhytter, hvorav noen ikke godtar kredittkort, s\u00e5 det er lurt \u00e5 ha litt kontanter p\u00e5 deg.<\/p>\n\n\n\n<h2 class=\"wp-block-heading\" id=\"headline-68-8229\">Er det vanlig \u00e5 gi tips i Slovenia?<\/h2>\n\n\n\n<p>Ja, men ikke obligatorisk. Det er vanlig \u00e5 legge igjen 10-15% i tips p\u00e5 restauranter eller barer for god service. Drikkepenger p\u00e5 hotell er ogs\u00e5 hyggelig, og avrunding av drosjebilletter vil ikke g\u00e5 ubemerket hen.<\/p>\n\n\n\n<h2 class=\"wp-block-heading\" id=\"headline-71-8229\">Er Slovenia et trygt land?<\/h2>\n\n\n\n<p>Ja, Slovenia er det \u00e5ttende tryggeste landet i verden.<br>N\u00e5r det er sagt, b\u00f8r man alltid bruke sunn fornuft n\u00e5r man reiser, og det er som overalt forbundet med risiko \u00e5 begi seg inn i tvilsomme deler av en by om natten.<\/p>\n\n\n\n<h2 class=\"wp-block-heading\" id=\"headline-74-8229\">Hva skal jeg gj\u00f8re i en n\u00f8dsituasjon?<\/h2>\n\n\n\n<p>112-n\u00f8dsentralen vil sende ut f\u00f8rstehjelpere (akuttmedisinsk hjelp, brannvesen, veterin\u00e6rhjelp, fjellredning, politi og andre enheter).<br>Brukere med nedsatt funksjonsevne kan bruke WAP 112 og SMS 112 for \u00e5 kontakte n\u00f8detatene.<br>113 er for politiet (n\u00f8dsituasjoner), 080 12 00 er en anonym telefonlinje for politiet.<\/p>\n\n\n\n<p>Apotek er tilgjengelig over hele landet, men mange legemidler krever resept.<\/p>\n\n\n\n<h2 class=\"wp-block-heading\" id=\"headline-77-8229\">Kan jeg drikke vann fra springen?<\/h2>\n\n\n\n<p>Ja, Slovenia har noe av det reneste drikkevannet i verden.<br>Av milj\u00f8hensyn oppfordrer vi deg til \u00e5 ha med deg en gjenbruksflaske.<\/p>\n\n\n\n<h2 class=\"wp-block-heading\" id=\"headline-80-8229\">Hvor kan jeg bade i Slovenia?<\/h2>\n\n\n\n<p>Adriaterhavet, Bled-sj\u00f8en, Bohinj-sj\u00f8en, visse elver.<br>Vennligst ikke bad i andre deler av Triglav nasjonalpark og verneomr\u00e5der, og s\u00f8rg for at solkremen din er naturvennlig.<\/p>\n\n\n\n<h2 class=\"wp-block-heading\" id=\"headline-83-8229\">Kan du f\u00e5 gratis Wi-Fi i Slovenia?<\/h2>\n\n\n\n<p>Over hele Slovenia tilbyr overnattingssteder, restauranter, kafeer og til og med butikker og noen attraksjoner gratis Wi-Fi. Du kan ogs\u00e5 kj\u00f8pe forh\u00e5ndsbetalt mobilt internett for 10-20 EUR.<\/p>\n\n\n\n<h2 class=\"wp-block-heading\" id=\"headline-86-8229\">M\u00e5 jeg pakke varme kl\u00e6r til en tur om sommeren?<\/h2>\n\n\n\n<p>F\u00f8lg <a href=\"https:\/\/slovenia-holidays.com\/blog\/practical-information\/#how-what-to-pack-for-your-slovenia-holidays\">denne lenken for mer informasjon om hva du skal pakke<\/a>&nbsp;for din ferie i Slovenia.<\/p>","protected":false},"excerpt":{"rendered":"<p>Hvordan kommer jeg meg til Slovenia? Det er enkelt \u00e5 reise til Slovenia, og du kan gj\u00f8re det p\u00e5 den m\u00e5ten som passer deg best. MED FLY Slovenia har tre internasjonale flyplasser, som alle er lett tilgjengelige og enkle \u00e5 finne frem til. Ljubljana (Jo\u017ee Pu\u010dnik lufthavn)Denne lille, men sjarmerende flyplassen er Slovenias viktigste internasjonale flyplass og ligger 26 km fra ... <a href=\"https:\/\/day-trips-slovenia.com\/nb\/vet-for-du-reiser\/\">Fortsettelse<\/a><\/p>","protected":false},"author":70,"featured_media":2519,"parent":0,"menu_order":0,"comment_status":"open","ping_status":"open","template":"","meta":{"_acf_changed":false,"footnotes":""},"class_list":["post-202","page","type-page","status-publish","has-post-thumbnail","hentry"],"acf":{"page_subheading":"Check out the information on everything you need to know about Slovenia, how to get there, and what to do when you stay in our beautiful country."},"_links":{"self":[{"href":"https:\/\/day-trips-slovenia.com\/nb\/wp-json\/wp\/v2\/pages\/202","targetHints":{"allow":["GET"]}}],"collection":[{"href":"https:\/\/day-trips-slovenia.com\/nb\/wp-json\/wp\/v2\/pages"}],"about":[{"href":"https:\/\/day-trips-slovenia.com\/nb\/wp-json\/wp\/v2\/types\/page"}],"author":[{"embeddable":true,"href":"https:\/\/day-trips-slovenia.com\/nb\/wp-json\/wp\/v2\/users\/70"}],"replies":[{"embeddable":true,"href":"https:\/\/day-trips-slovenia.com\/nb\/wp-json\/wp\/v2\/comments?post=202"}],"version-history":[{"count":2,"href":"https:\/\/day-trips-slovenia.com\/nb\/wp-json\/wp\/v2\/pages\/202\/revisions"}],"predecessor-version":[{"id":2563,"href":"https:\/\/day-trips-slovenia.com\/nb\/wp-json\/wp\/v2\/pages\/202\/revisions\/2563"}],"wp:featuredmedia":[{"embeddable":true,"href":"https:\/\/day-trips-slovenia.com\/nb\/wp-json\/wp\/v2\/media\/2519"}],"wp:attachment":[{"href":"https:\/\/day-trips-slovenia.com\/nb\/wp-json\/wp\/v2\/media?parent=202"}],"curies":[{"name":"wp","href":"https:\/\/api.w.org\/{rel}","templated":true}]}}