{"id":195,"date":"2022-03-25T13:17:58","date_gmt":"2022-03-25T13:17:58","guid":{"rendered":"http:\/\/day-trips-slovenia.com\/places-to-visit-in-slovenia\/"},"modified":"2022-03-25T13:17:58","modified_gmt":"2022-03-25T13:17:58","slug":"places-to-visit-in-slovenia","status":"publish","type":"page","link":"https:\/\/day-trips-slovenia.com\/nb\/steder-a-besoke-i-slovenia\/","title":{"rendered":"Steder \u00e5 bes\u00f8ke i Slovenia"},"content":{"rendered":"<p>Selv om Slovenia er et relativt lite land, er det et av de st\u00f8rste <strong>de mest mangfoldige landene i Europa<\/strong>. Fra de mektige fjellene og den dr\u00f8mmende Adriaterhavskysten til vinregionene i den \u00f8stlige delen av landet er det utallige muligheter \u00e5 velge mellom.&nbsp;<\/p>\n\n\n\n<p>Med mindre ferien din varer i flere uker, er det umulig \u00e5 se dem alle og vanskelig \u00e5 bestemme seg for hvor du skal dra. Derfor har vi laget denne listen der du finner noen av de mest popul\u00e6re reisem\u00e5lene. <strong>Topp attraksjoner<\/strong> og de vakreste stedene i Slovenia.<\/p>\n\n\n\n<h2 class=\"wp-block-heading\">Bled&nbsp;<\/h2>\n\n\n\n<p>Et av de beste stedene \u00e5 bes\u00f8ke i Slovenia er uten tvil den sjarmerende alpinbyen Bled. Den ligger p\u00e5 d\u00f8rstokken til <strong>Triglav nasjonalpark<\/strong>er den stolte eieren av den eneste \u00f8ya i Slovenia, som ligger midt i Bledsj\u00f8en.&nbsp;<\/p>\n\n\n\n<p>N\u00e5r du bes\u00f8ker denne pittoreske byen, anbefaler vi at du tar en tur i den tradisjonelle <strong>Pletna b\u00e5t<\/strong> til \u00f8ya Bled, eller kanskje ta en omvisning i den <strong>Bled slott<\/strong>, det eldste slottet i Slovenia. Andre aktiviteter som Bled kan tilby inkluderer SUP-padling, sykling, fotturer, og la oss ikke glemme de fantastiske gastronomiske godbitene som den verdensber\u00f8mte Bled-kaken, kjent som Krem\u0161nita.<\/p>\n\n\n\n<h2 class=\"wp-block-heading\">Ljubljana<\/h2>\n\n\n\n<p>Ljubljana er landets hovedstad og ligger i hjertet av Slovenia. Den er ogs\u00e5 kjent som <strong>Europas gr\u00f8nne hovedstad <\/strong>for sine b\u00e6rekraftige initiativer som det bilfrie bysentrumet<strong>, <\/strong>noe som gj\u00f8r det til et paradis for fotgjengere og syklister. P\u00e5 grunn av den praktiske beliggenheten er det et flott utgangspunkt for alle de beste stedene \u00e5 bes\u00f8ke i Slovenia.<\/p>\n\n\n\n<p>Det er en livlig by med vakker arkitektur som du kan nyte mens du rusler rundt i gatene i det gamle sentrum. Vi anbefaler \u00e5 bes\u00f8ke det praktfulle<strong> Ljubljana slott<\/strong> med utsikt over hele byen eller ta en avslappende b\u00e5ttur p\u00e5 elven Ljubljanica og se byen fra et annet perspektiv.&nbsp;<\/p>\n\n\n\n<h2 class=\"wp-block-heading\">Postojna-grotten<\/h2>\n\n\n\n<p>Postojna-hulen er et forbl\u00f8ffende naturlig underverk som ligger i Karst-regionen i Slovenia. P\u00e5 grunn av sine unike egenskaper ble det det mest bes\u00f8kte grottesystemet i verden og er et av de mest unike stedene \u00e5 se i Slovenia.&nbsp;<\/p>\n\n\n\n<p>Det er hjemmet til den ber\u00f8mte \"<strong>babydrager<\/strong>\", unike amfibiske skapninger, som lever i dypet uforandret i tusenvis av \u00e5r. Du vil kunne se dem mens du utforsker de underjordiske kl\u00f8ftene til fots og med den historiske underjordiske jernbanen.<\/p>\n\n\n\n<h2 class=\"wp-block-heading\">Piran&nbsp;<\/h2>\n\n\n\n<p>Piran er en historisk gammel by p\u00e5 <strong>Den slovenske kysten<\/strong> som vil forbl\u00f8ffe deg med sin sjarmerende karakter og rike historie, som g\u00e5r tilbake til venetiansk og til og med middelalderen.<\/p>\n\n\n\n<p>Du kan fortsatt se noen vakkert bevarte deler av arkitekturen, som for eksempel den <strong>Steinmurer i Piran<\/strong> og den historiske St. Clement-kirken. For en virkelig episk utsikt over byen kan du ta de 146 tretrinnene til klokket\u00e5rnet Campanile, som er en kopi av den ber\u00f8mte Markuskirken i Venezia.&nbsp;<\/p>\n\n\n\n<h2 class=\"wp-block-heading\">So\u010da-dalen&nbsp;<\/h2>\n\n\n\n<p>Hjemmet til den fantastiske smaragdgr\u00f8nne elven So\u010da, den alpine So\u010da-dalen omgitt av de mektige Juliske Alpene, er utvilsomt blant de vakreste stedene i Slovenia.&nbsp;<\/p>\n\n\n\n<p>Der kan du pr\u00f8ve mange utend\u00f8rsaktiviteter som <strong>rafting<\/strong>kajakkpadling, paragliding og mer. Det er ogs\u00e5 et viktig kultursted med steder som Kobarid-museet som fungerer som en p\u00e5minnelse om de voldsomme kampene som ble utkjempet der under f\u00f8rste verdenskrig.&nbsp;<\/p>\n\n\n\n<h2 class=\"wp-block-heading\">Vinregioner&nbsp;<\/h2>\n\n\n\n<p>Det finnes <strong>tre viktigste vinregioner<\/strong> i Slovenia: Primorska (Littoral-regionen), Podravska (Drava-regionen) og Posavska (Nedre Save-regionen). Hver av dem er hjemsted for ulike typer lokale viner, ulike tradisjoner og ulike lagringsteknikker.<\/p>\n\n\n\n<p>For en autentisk opplevelse av regionene kan du bli med p\u00e5 en vinsmakingstur med lokale vinprodusenter som vil fortelle deg om hemmelighetene bak vinproduksjonen i tradisjonelle omgivelser. Her er et tips til alle vinelskere og matelskere som bes\u00f8ker Primorska-regionen. S\u00f8rg for \u00e5 sjekke ut <strong>Marezige vinfontene<\/strong>, den f\u00f8rste vinfontenen i Slovenia, for utmerkede viner og smakfulle lokale delikatesser.&nbsp;<\/p>\n\n\n\n<h2 class=\"wp-block-heading\">Alpene&nbsp;<\/h2>\n\n\n\n<p>Slovenia er et fjelland og en <strong>turparadis<\/strong> med over 10 000 kilometer merkede turstier. Det er tre store fjellgrupper i landet: Karawankene, Kamnik-Savinja-Alpene og Juliske alper.&nbsp;<\/p>\n\n\n\n<p>Den s\u00e5rbare naturen rundt de Juliske Alpene er beskyttet av et stort omr\u00e5de kalt Triglav nasjonalpark, som er fylt med overraskende naturelementer og regnes som et av de mest uber\u00f8rte og uber\u00f8rte stedene \u00e5 se i Slovenia. Parken er oppkalt etter Triglav-fjellet, den<strong> det h\u00f8yeste fjellet i Slovenia.<\/strong> De sier at for \u00e5 bli en ekte slovener, m\u00e5 du klatre den minst \u00e9n gang i livet.&nbsp;<\/p>\n\n\n\n<h2 class=\"wp-block-heading\">Maribor&nbsp;<\/h2>\n\n\n\n<p>Maribor er den nest st\u00f8rste byen i landet og et utmerket utgangspunkt for \u00e5 utforske de \u00f8stlige regionene. Byen er kjent for sin rike arkeologiske, etnologiske og kulturelle arv, noe som gj\u00f8r den til et av de beste stedene \u00e5 bes\u00f8ke i Slovenia.&nbsp;<\/p>\n\n\n\n<p>Den sjarmerende gamle bydelen er full av kafeer og restauranter, og den vakre arkitekturen er gjennomsyret av historie ved bredden av elven Drava. Byen kan ogs\u00e5 skryte av en sterk vinproduksjonstradisjon og er hjemsted for en 400 \u00e5r gammel vin, som har en plass i verdenskartet. <strong>Guinness rekordbok<\/strong> som den eldste edle vinstokken i verden som fortsatt b\u00e6rer druer.&nbsp;<\/p>\n\n\n\n<h2 class=\"wp-block-heading\">Ptuj&nbsp;<\/h2>\n\n\n\n<p>En gang en base for de mektige romerske legionene, er Ptuj n\u00e5 en livlig by og et kulturelt senter for slovensk folklore. Blant byens viktigste landemerker og steder \u00e5 bes\u00f8ke er dens <strong>Slott fra det 12. \u00e5rhundre<\/strong>George's Church, den sjarmerende gamlebyen og St.<\/p>\n\n\n\n<p>Hvis du er heldig nok til \u00e5 bes\u00f8ke Ptuj n\u00e5r vinteren g\u00e5r mot slutten, kan du f\u00e5 en enest\u00e5ende opplevelse. Gatene i Ptuj forvandler seg til en fargerik karnevalsby med en tradisjonell etnografisk parade styrt av de <strong>Kurenti-masker<\/strong>, hvis eksepsjonelle karakter ogs\u00e5 er anerkjent av UNESCO.<\/p>\n\n\n\n<h2 class=\"wp-block-heading\">Dolenjska-regionen<\/h2>\n\n\n\n<p>Sist, men ikke minst p\u00e5 v\u00e5r liste over de beste stedene \u00e5 bes\u00f8ke i Slovenia er Dolenjska-regionen. Det er et land kjent for sine mange helbredende termalkilder og en rik vinproduksjonstradisjon med dype r\u00f8tter i landets historie og folklore.&nbsp;<br>Ofte oversett av turister som bes\u00f8ker Slovenia, er Dolenjska et skjult paradis som venter p\u00e5 \u00e5 bli oppdaget. Du kan slappe av i <strong>varmt termisk vann<\/strong> p\u00e5 \u0160marje\u0161ke Toplice Spa og Dolenjske Toplice Spa eller bes\u00f8k Olimje-klosteret, som huser det tredje eldste klosterapoteket i Europa.<\/p>","protected":false},"excerpt":{"rendered":"<p>Although it is relatively small, Slovenia is one of the most diverse countries in Europe. From the mighty mountains and the dreamy Adriatic coast to the wine-growing regions in the eastern part of the country, there are countless options to choose from.&nbsp; Unless your vacation lasts multiple weeks, it is impossible to see them all &hellip; <a href=\"https:\/\/day-trips-slovenia.com\/nb\/steder-a-besoke-i-slovenia\/\">Fortsettelse<\/a><\/p>","protected":false},"author":70,"featured_media":0,"parent":0,"menu_order":0,"comment_status":"open","ping_status":"open","template":"","meta":{"_acf_changed":false,"footnotes":""},"class_list":["post-195","page","type-page","status-publish","hentry"],"acf":{"page_subheading":""},"_links":{"self":[{"href":"https:\/\/day-trips-slovenia.com\/nb\/wp-json\/wp\/v2\/pages\/195","targetHints":{"allow":["GET"]}}],"collection":[{"href":"https:\/\/day-trips-slovenia.com\/nb\/wp-json\/wp\/v2\/pages"}],"about":[{"href":"https:\/\/day-trips-slovenia.com\/nb\/wp-json\/wp\/v2\/types\/page"}],"author":[{"embeddable":true,"href":"https:\/\/day-trips-slovenia.com\/nb\/wp-json\/wp\/v2\/users\/70"}],"replies":[{"embeddable":true,"href":"https:\/\/day-trips-slovenia.com\/nb\/wp-json\/wp\/v2\/comments?post=195"}],"version-history":[{"count":0,"href":"https:\/\/day-trips-slovenia.com\/nb\/wp-json\/wp\/v2\/pages\/195\/revisions"}],"wp:attachment":[{"href":"https:\/\/day-trips-slovenia.com\/nb\/wp-json\/wp\/v2\/media?parent=195"}],"curies":[{"name":"wp","href":"https:\/\/api.w.org\/{rel}","templated":true}]}}