{"id":202,"date":"2022-04-14T07:21:49","date_gmt":"2022-04-14T07:21:49","guid":{"rendered":"http:\/\/day-trips-slovenia.com\/know-before-you-go\/"},"modified":"2022-12-06T22:54:14","modified_gmt":"2022-12-06T22:54:14","slug":"know-before-you-go","status":"publish","type":"page","link":"https:\/\/day-trips-slovenia.com\/it\/sapere-prima-di-partire\/","title":{"rendered":"Informarsi prima di partire"},"content":{"rendered":"<h2 class=\"wp-block-heading\" id=\"headline-10-8229\">Come si arriva in Slovenia?<\/h2>\n\n\n\n<p>Viaggiare in Slovenia \u00e8 facile e pu\u00f2 essere fatto con il mezzo che ritenete pi\u00f9 conveniente.<\/p>\n\n\n\n<h3 class=\"wp-block-heading\" id=\"by-plane\"><br><strong>IN AEREO<\/strong><\/h3>\n\n\n\n<p>La Slovenia dispone di 3 aeroporti internazionali, tutti molto accessibili e semplici da navigare.<\/p>\n\n\n\n<ul class=\"wp-block-list\"><li>Lubiana (Aeroporto Jo\u017ee Pu\u010dnik)<br>Questo piccolo ma affascinante aeroporto \u00e8 il principale aeroporto internazionale della Slovenia e si trova a 26 km a nord della capitale Lubiana. Da qui potete prendere un taxi, una navetta aeroportuale, noleggiare un'auto o optare per altre opzioni di trasferimento, a seconda del vostro itinerario e delle vostre preferenze. L'aeroporto di Jo\u017ee Pu\u010dnik \u00e8 l'opzione migliore, in quanto offre la pi\u00f9 ampia selezione di voli e un'ottima posizione centrale.<\/li><\/ul>\n\n\n\n<ul class=\"wp-block-list\"><li>Maribor (Aeroporto Edvard Rusjan)<br>Il secondo aeroporto internazionale pi\u00f9 grande della Slovenia si trova a circa 10 km a sud di Maribor, la seconda citt\u00e0 del Paese.<br>Il viaggio da e per l'aeroporto di Maribor si effettua in taxi o con un trasferimento prenotato in anticipo, ed \u00e8 utilizzato principalmente per i voli stagionali e charter.<\/li><\/ul>\n\n\n\n<ul class=\"wp-block-list\"><li>Aeroporto di Portorose - charter minori, voli d'affari e cargo<br>L'aeroporto di Portorose si trova a 6 km a sud di Portorose, la citt\u00e0 balneare della Slovenia. Trieste (Italia), Capodistria, Postumia, Lubiana (Slovenia) e le citt\u00e0 croate della penisola istriana sono tutte molto vicine.<\/li><\/ul>\n\n\n\n<p>Altri aeroporti vicini alla Slovenia sono Zagabria, Pola, Klagenfurt, Graz, Trieste, Venezia, Vienna.<\/p>\n\n\n\n<h3 class=\"wp-block-heading\" id=\"by-bus\"><br><strong>IN AUTOBUS<\/strong><\/h3>\n\n\n\n<p><br>\u00c8 possibile raggiungere la Slovenia in autobus da un elenco di citt\u00e0 europee.<br>Esistono collegamenti diretti in autobus da Svezia e Danimarca.<br>La maggior parte dei pullman internazionali si ferma a Lubiana o in altre grandi citt\u00e0 della Slovenia.<br>I pullman FlixBus e Nomago sono tra i fornitori pi\u00f9 popolari.<\/p>\n\n\n\n<h3 class=\"wp-block-heading\" id=\"by-train\"><br><strong>IN TRENO<\/strong><\/h3>\n\n\n\n<p><br>Anche il treno per la Slovenia \u00e8 molto semplice.<br>I collegamenti ferroviari dai Paesi limitrofi e dalla pi\u00f9 ampia zona dell'UE sono buoni e regolari. Questi includono: Croazia, Italia, Austria, Ungheria, Serbia, Repubblica Ceca, Germania, Svizzera, ecc.<br>La Slovenia \u00e8 inclusa nel sistema Eurail Global Pass, che rende pi\u00f9 conveniente viaggiare in treno.<br>Inoltre, gli aeroporti vicini, come Trieste, Zagabria o Vienna, sono collegati in treno.<\/p>\n\n\n\n<h3 class=\"wp-block-heading\" id=\"by-car-bike-motorbike-on-foot\"><br><strong>IN AUTO, BICICLETTA, MOTO, A PIEDI<\/strong><\/h3>\n\n\n\n<p><br>Il viaggio in Slovenia in auto o in moto pu\u00f2 portare a percorrere piccole strade locali o autostrade e superstrade regionali. Vi consigliamo quest'ultima, perch\u00e9 \u00e8 molto pi\u00f9 veloce e prevede meno possibilit\u00e0 di perdersi.<br>Se vi state recando in Slovenia in bicicletta o (per ragioni sconosciute) a piedi, congratulazioni, perch\u00e9 questi sono i mezzi di trasporto pi\u00f9 ecologici disponibili. Entrambi i mezzi possono essere utilizzati attraversando qualsiasi confine (ad eccezione di quelli autostradali, ovviamente) e seguendo poi le strade locali per raggiungere il luogo in cui ci si trova.<\/p>\n\n\n\n<h3 class=\"wp-block-heading\" id=\"by-boat-ferry\"><br><strong>IN BARCA\/NAVE<\/strong><\/h3>\n\n\n\n<p><br>Ci sono traghetti diretti dall'Italia o si pu\u00f2 navigare dalla Croazia.<br>La Slovenia ha 4 piccoli porti\/marine dove \u00e8 possibile ormeggiare.<br>\u00c8 obbligatorio verificare la disponibilit\u00e0 e altri requisiti, soprattutto in alta stagione.<\/p>\n\n\n\n<h2 class=\"wp-block-heading\" id=\"headline-49-8229\">Dove devo alloggiare?<\/h2>\n\n\n\n<p>Trovare un posto adatto, pulito, comodo e conveniente per soggiornare in Slovenia \u00e8 facile. Ci sono pi\u00f9 che sufficienti hotel, ostelli o opzioni private sotto forma di Airbnb e Booking nelle citt\u00e0 e in campagna.<\/p>\n\n\n\n<p>Assicuratevi di prenotare in anticipo se viaggiate in Slovenia durante l'alta stagione, che comprende i mesi di giugno, luglio, agosto, ottobre e dicembre.<\/p>\n\n\n\n<p>Il campeggio e il glamping sono scelte fantastiche se volete trascorrere le vostre vacanze nella splendida natura della Slovenia. Molti campeggi incredibili si trovano in tutto il Paese, anche vicino a famosi punti di riferimento.<\/p>\n\n\n\n<p>A proposito di natura, numerosi agriturismi offrono alloggi con l'autentica gastronomia locale, mentre i rifugi di montagna promettono pernottamenti confortevoli e vantano viste inimmaginabili sulle montagne slovene.<\/p>\n\n\n\n<h2 class=\"wp-block-heading\" id=\"headline-56-8229\">La gente parla inglese?<\/h2>\n\n\n\n<p>S\u00ec, la maggior parte degli sloveni di et\u00e0 inferiore ai sessantacinque anni parla relativamente bene l'inglese, e praticamente tutti i giovani parlano fluentemente la lingua, cos\u00ec come i dipendenti dell'industria turistica e dell'ospitalit\u00e0. Il tedesco \u00e8 parlato da molti membri della generazione pi\u00f9 anziana.<br>L'italiano \u00e8 parlato dalla maggior parte della popolazione che vive nella zona costiera, e alcuni conoscono anche lo spagnolo, il francese e il russo.<br>Il croato, il serbo o la loro variante serbo-croata sono compresi e parlati con un alto livello di competenza da gran parte degli sloveni.<\/p>\n\n\n\n<h2 class=\"wp-block-heading\" id=\"headline-59-8229\">Quali sono gli orari di apertura abituali?<\/h2>\n\n\n\n<p>I negozi di vario tipo sono solitamente aperti tra le 08:00 e le 20:00 (ora pi\u00f9 ora meno).<br>Le attrazioni turistiche hanno i loro orari, quindi \u00e8 consigliabile controllare in anticipo online.<br>Musei, gallerie e altre istituzioni culturali sono talvolta chiusi durante i giorni feriali. Anche in questo caso, la cosa migliore da fare \u00e8 controllare.<\/p>\n\n\n\n<h2 class=\"wp-block-heading\" id=\"headline-62-8229\">Devo utilizzare denaro locale?<\/h2>\n\n\n\n<p>S\u00ec, la valuta della Slovenia \u00e8 l'euro.<\/p>\n\n\n\n<h2 class=\"wp-block-heading\" id=\"headline-65-8229\">Le carte di credito sono ampiamente accettate?<\/h2>\n\n\n\n<p>S\u00ec, sono accettate la maggior parte delle carte di credito (Visa, MasterCard, Maestro, American Express, ecc.).<br>Alcuni villaggi e luoghi remoti possono essere problematici. Tra questi, gli agriturismi e i rifugi di montagna, alcuni dei quali non accettano carte di credito, per cui \u00e8 consigliabile portare con s\u00e9 del denaro contante.<\/p>\n\n\n\n<h2 class=\"wp-block-heading\" id=\"headline-68-8229\">La mancia \u00e8 normale in Slovenia?<\/h2>\n\n\n\n<p>S\u00ec, ma non \u00e8 obbligatorio. Lasciare una mancia di 10-15% nei ristoranti o nei bar per un buon servizio \u00e8 comune. Anche la mancia negli hotel \u00e8 gradita e l'arrotondamento delle tariffe dei taxi non passa inosservato.<\/p>\n\n\n\n<h2 class=\"wp-block-heading\" id=\"headline-71-8229\">La Slovenia \u00e8 un paese sicuro?<\/h2>\n\n\n\n<p>S\u00ec, la Slovenia \u00e8 l'ottavo Paese pi\u00f9 sicuro al mondo.<br>Detto questo, quando si viaggia bisogna sempre usare il buon senso e avventurarsi in zone poco raccomandabili di qualsiasi citt\u00e0 durante la notte ha i suoi rischi, come ovunque.<\/p>\n\n\n\n<h2 class=\"wp-block-heading\" id=\"headline-74-8229\">Cosa fare in caso di emergenza?<\/h2>\n\n\n\n<p>La centrale di emergenza 112 invier\u00e0 i primi soccorsi (assistenza medica di emergenza, vigili del fuoco, assistenza veterinaria, soccorso alpino, polizia e altre unit\u00e0).<br>Gli utenti disabili possono utilizzare il WAP 112 e l'SMS 112 per contattare i servizi di emergenza.<br>Il 113 \u00e8 per la polizia (emergenze), lo 080 12 00 \u00e8 una linea telefonica anonima della polizia.<\/p>\n\n\n\n<p>Le farmacie sono disponibili in tutto il Paese, ma molti farmaci richiedono la prescrizione.<\/p>\n\n\n\n<h2 class=\"wp-block-heading\" id=\"headline-77-8229\">Posso bere l'acqua del rubinetto?<\/h2>\n\n\n\n<p>S\u00ec, la Slovenia ha un'acqua potabile tra le pi\u00f9 pure al mondo.<br>Per motivi ambientali, vi invitiamo a portare con voi una bottiglia riutilizzabile.<\/p>\n\n\n\n<h2 class=\"wp-block-heading\" id=\"headline-80-8229\">Dove posso nuotare in Slovenia?<\/h2>\n\n\n\n<p>Il mare Adriatico, il lago di Bled, il lago di Bohinj, alcuni fiumi.<br>Non nuotate in altre zone del Parco nazionale del Triglav e nelle aree protette e assicuratevi che la vostra protezione solare sia adatta alla natura.<\/p>\n\n\n\n<h2 class=\"wp-block-heading\" id=\"headline-83-8229\">\u00c8 possibile ottenere il Wi-Fi gratuito in Slovenia?<\/h2>\n\n\n\n<p>In tutta la Slovenia gli alloggi, i ristoranti, i caff\u00e8 e persino i negozi e alcune attrazioni offrono la connessione Wi-Fi gratuita. \u00c8 anche possibile acquistare internet mobile prepagato per 10-20 euro.<\/p>\n\n\n\n<h2 class=\"wp-block-heading\" id=\"headline-86-8229\">Devo mettere in valigia abiti caldi per un viaggio in estate?<\/h2>\n\n\n\n<p>Seguire <a href=\"https:\/\/slovenia-holidays.com\/blog\/practical-information\/#how-what-to-pack-for-your-slovenia-holidays\">questo link per maggiori informazioni su cosa mettere in valigia<\/a>&nbsp;per le vostre vacanze in Slovenia.<\/p>","protected":false},"excerpt":{"rendered":"<p>Come si arriva in Slovenia? Viaggiare in Slovenia \u00e8 facile e pu\u00f2 essere fatto con i mezzi che ritenete pi\u00f9 convenienti. IN AEREO La Slovenia dispone di 3 aeroporti internazionali, tutti molto accessibili e semplici da raggiungere. Lubiana (Aeroporto Jo\u017ee Pu\u010dnik) Questo piccolo ma affascinante aeroporto \u00e8 il principale aeroporto internazionale della Slovenia e si trova a 26 km ... <a href=\"https:\/\/day-trips-slovenia.com\/it\/sapere-prima-di-partire\/\">Continua<\/a><\/p>","protected":false},"author":70,"featured_media":2519,"parent":0,"menu_order":0,"comment_status":"open","ping_status":"open","template":"","meta":{"_acf_changed":false,"footnotes":""},"class_list":["post-202","page","type-page","status-publish","has-post-thumbnail","hentry"],"acf":{"page_subheading":"Check out the information on everything you need to know about Slovenia, how to get there, and what to do when you stay in our beautiful country."},"_links":{"self":[{"href":"https:\/\/day-trips-slovenia.com\/it\/wp-json\/wp\/v2\/pages\/202","targetHints":{"allow":["GET"]}}],"collection":[{"href":"https:\/\/day-trips-slovenia.com\/it\/wp-json\/wp\/v2\/pages"}],"about":[{"href":"https:\/\/day-trips-slovenia.com\/it\/wp-json\/wp\/v2\/types\/page"}],"author":[{"embeddable":true,"href":"https:\/\/day-trips-slovenia.com\/it\/wp-json\/wp\/v2\/users\/70"}],"replies":[{"embeddable":true,"href":"https:\/\/day-trips-slovenia.com\/it\/wp-json\/wp\/v2\/comments?post=202"}],"version-history":[{"count":2,"href":"https:\/\/day-trips-slovenia.com\/it\/wp-json\/wp\/v2\/pages\/202\/revisions"}],"predecessor-version":[{"id":2563,"href":"https:\/\/day-trips-slovenia.com\/it\/wp-json\/wp\/v2\/pages\/202\/revisions\/2563"}],"wp:featuredmedia":[{"embeddable":true,"href":"https:\/\/day-trips-slovenia.com\/it\/wp-json\/wp\/v2\/media\/2519"}],"wp:attachment":[{"href":"https:\/\/day-trips-slovenia.com\/it\/wp-json\/wp\/v2\/media?parent=202"}],"curies":[{"name":"wp","href":"https:\/\/api.w.org\/{rel}","templated":true}]}}