{"id":192,"date":"2022-03-14T08:31:32","date_gmt":"2022-03-14T08:31:32","guid":{"rendered":"http:\/\/day-trips-slovenia.com\/about-slovenia\/"},"modified":"2023-08-22T13:26:36","modified_gmt":"2023-08-22T13:26:36","slug":"about-slovenia","status":"publish","type":"page","link":"https:\/\/day-trips-slovenia.com\/it\/informazioni-sulla-slovenia\/","title":{"rendered":"Informazioni sulla Slovenia"},"content":{"rendered":"<p>Non \u00e8 un caso che il libro di viaggi Lonely Planet abbia inserito la Slovenia nella top 5 dei luoghi da visitare nel 2022. La Slovenia \u00e8 un piccolo Paese ricco di diversit\u00e0. In un solo giorno si possono ammirare le montagne, il mare, le pianure pannoniche, le vaste foreste e le colline vinicole. Ma non solo: \u00e8 un Paese verde, caratterizzato dal costante impegno per la sostenibilit\u00e0 del suo ambiente verde e della sua ricca cultura.<\/p>\n\n\n\n<p>La Slovenia \u00e8 un paradiso per gli amanti dell'avventura all'aria aperta. L'escursionismo e le passeggiate sono i passatempi preferiti a livello locale, mentre il ciclismo e lo sci in inverno non sono da meno. E poi ci sono i fiumi cristallini come l'Isonzo, dove si pu\u00f2 provare di tutto, dal rafting al canyoning. Ogni paesaggio vario in Slovenia \u00e8 un campo da gioco per molti tipi di attivit\u00e0 all'aperto.<\/p>\n\n\n\n<p>Anche se lo si potrebbe pensare, non tutto ci\u00f2 che \u00e8 bello in questa terra verde proviene dalla natura. L'attivit\u00e0 umana in Slovenia \u00e8 in armonia con essa, ma si distingue anche. La storia del Paese \u00e8 ricca di influenze diverse, che rendono la cultura particolarmente vivace e varia. L'architettura riflette questo aspetto: dalle citt\u00e0 costiere in stile veneziano, alle chiese gotiche delle Alpi Giulie, agli edifici in stile art nouveau di Lubiana e molto altro ancora.<\/p>\n\n\n\n<p>Lo stesso tipo di mix si ritrova nella cucina della Slovenia. Prendendo in prestito qualcosa da ciascuno dei suoi vicini - Austria, Italia, Ungheria e Balcani - ha plasmato i propri piatti unici che sono molto legati al paesaggio in cui vengono realizzati. Questo rende la Slovenia una destinazione ideale per tutti gli amanti della gastronomia, ed \u00e8 per questo che \u00e8 stata anche nominata Regione Europea della Gastronomia nel 2021. Piatti come la salata salsiccia della Carniola, il dolce o \"\u0160truklji\" o la deliziosa \"Potica\" sono tutti da provare durante la vostra visita in Slovenia.<\/p>","protected":false},"excerpt":{"rendered":"<p>It is not by accident that the global travel book Lonely Planet placed Slovenia on its top 5 of places to visit in 2022. Slovenia is a small country full of diversity. You can enjoy the mountains, the sea, the Pannonian plains, vast forests, and wine-growing hills in only a day. And not only that; &hellip; <a href=\"https:\/\/day-trips-slovenia.com\/it\/informazioni-sulla-slovenia\/\">Continua<\/a><\/p>","protected":false},"author":70,"featured_media":0,"parent":0,"menu_order":0,"comment_status":"open","ping_status":"open","template":"","meta":{"_acf_changed":false,"footnotes":""},"class_list":["post-192","page","type-page","status-publish","hentry"],"acf":{"page_subheading":""},"_links":{"self":[{"href":"https:\/\/day-trips-slovenia.com\/it\/wp-json\/wp\/v2\/pages\/192","targetHints":{"allow":["GET"]}}],"collection":[{"href":"https:\/\/day-trips-slovenia.com\/it\/wp-json\/wp\/v2\/pages"}],"about":[{"href":"https:\/\/day-trips-slovenia.com\/it\/wp-json\/wp\/v2\/types\/page"}],"author":[{"embeddable":true,"href":"https:\/\/day-trips-slovenia.com\/it\/wp-json\/wp\/v2\/users\/70"}],"replies":[{"embeddable":true,"href":"https:\/\/day-trips-slovenia.com\/it\/wp-json\/wp\/v2\/comments?post=192"}],"version-history":[{"count":1,"href":"https:\/\/day-trips-slovenia.com\/it\/wp-json\/wp\/v2\/pages\/192\/revisions"}],"predecessor-version":[{"id":2822,"href":"https:\/\/day-trips-slovenia.com\/it\/wp-json\/wp\/v2\/pages\/192\/revisions\/2822"}],"wp:attachment":[{"href":"https:\/\/day-trips-slovenia.com\/it\/wp-json\/wp\/v2\/media?parent=192"}],"curies":[{"name":"wp","href":"https:\/\/api.w.org\/{rel}","templated":true}]}}