{"id":175,"date":"2022-02-22T09:48:06","date_gmt":"2022-02-22T09:48:06","guid":{"rendered":"http:\/\/day-trips-slovenia.com\/about-us\/"},"modified":"2025-09-08T07:25:36","modified_gmt":"2025-09-08T07:25:36","slug":"about-us","status":"publish","type":"page","link":"https:\/\/day-trips-slovenia.com\/it\/chi-siamo\/","title":{"rendered":"About Us"},"content":{"rendered":"<p>Ogni giorno il fascino magico della mia patria, la Slovenia, mi travolge ancora, anche se ho fatto la mia parte di viaggi in tutto il mondo e mi piace viaggiare. Per me \u00e8 ancora il Paese pi\u00f9 bello del mondo.<\/p>\n\n\n\n<p>Ci sono troppe cose da vedere, visitare e sperimentare e a volte ci si sente sopraffatti. Per questo motivo, cerco di aiutare il maggior numero di persone a fare viaggi soddisfacenti in Slovenia, sperando che li ricordino per tutta la vita.<\/p>\n\n\n\n<p>Allora, siete pronti per un viaggio in Slovenia e non solo? Allora partiamo!<\/p>\n\n\n\n<p>Che siate in Slovenia in vacanza o che viviate qui, che vi fermiate per una visita veloce o che siate solo di passaggio, non importa.&nbsp;<a href=\"https:\/\/day-trips-slovenia.com\/it\/\">Gite di un giorno<\/a>&nbsp;vi invita a unirvi a noi per esplorare i luoghi pi\u00f9 sorprendenti che il Paese ha da offrire.<\/p>\n\n\n\n<figure class=\"wp-block-image size-large\"><img decoding=\"async\" width=\"1024\" height=\"683\" src=\"https:\/\/day-trips-slovenia.com\/wp-content\/uploads\/Ljubljana-city-11-1024x683.webp\" alt=\"Citt\u00e0 di Lubiana x\" class=\"wp-image-2427\" title=\"Citt\u00e0 di Lubiana x\" srcset=\"https:\/\/day-trips-slovenia.com\/wp-content\/uploads\/Ljubljana-city-11-1024x683.webp 1024w, https:\/\/day-trips-slovenia.com\/wp-content\/uploads\/Ljubljana-city-11-300x200.webp 300w, https:\/\/day-trips-slovenia.com\/wp-content\/uploads\/Ljubljana-city-11-768x512.webp 768w, https:\/\/day-trips-slovenia.com\/wp-content\/uploads\/Ljubljana-city-11-1536x1024.webp 1536w, https:\/\/day-trips-slovenia.com\/wp-content\/uploads\/Ljubljana-city-11-18x12.webp 18w, https:\/\/day-trips-slovenia.com\/wp-content\/uploads\/Ljubljana-city-11.webp 1920w\" sizes=\"(max-width: 1024px) 100vw, 1024px\" \/><\/figure>\n\n\n\n<h2 class=\"wp-block-heading\"><strong>Un piccolo paese con infinite possibilit\u00e0<\/strong><\/h2>\n\n\n\n<p>Non troverete tanta diversit\u00e0 in un'area cos\u00ec piccola in nessun'altra parte del mondo. La Slovenia ospita solo 2 milioni di persone, ma la sua storia, la sua cultura e le sue tradizioni sono incommensurabili. Con le sue maestose catene montuose, le ampie pianure, le infinite colline, i boschi e i campi, i fiumi incontaminati, i laghi e il mare, la natura della Slovenia \u00e8 altrettanto spettacolare. E ci\u00f2 che rende il tutto ancora pi\u00f9 bello \u00e8 che potete sperimentare tutti i suoi tesori nel giro di poche ore! Interi paesaggi e persino microclimi cambiano quando si viaggia da una parte all'altra del Paese.<\/p>\n\n\n\n<figure class=\"wp-block-image size-large\"><img decoding=\"async\" width=\"1024\" height=\"683\" src=\"https:\/\/day-trips-slovenia.com\/wp-content\/uploads\/Slovenian-Winemaker-vineyard-4-1024x683.webp\" alt=\"Vigneto sloveno x\" class=\"wp-image-2329\" title=\"Vigneto sloveno x\" srcset=\"https:\/\/day-trips-slovenia.com\/wp-content\/uploads\/Slovenian-Winemaker-vineyard-4-1024x683.webp 1024w, https:\/\/day-trips-slovenia.com\/wp-content\/uploads\/Slovenian-Winemaker-vineyard-4-300x200.webp 300w, https:\/\/day-trips-slovenia.com\/wp-content\/uploads\/Slovenian-Winemaker-vineyard-4-768x512.webp 768w, https:\/\/day-trips-slovenia.com\/wp-content\/uploads\/Slovenian-Winemaker-vineyard-4-18x12.webp 18w, https:\/\/day-trips-slovenia.com\/wp-content\/uploads\/Slovenian-Winemaker-vineyard-4.webp 1250w\" sizes=\"(max-width: 1024px) 100vw, 1024px\" \/><\/figure>\n\n\n\n<h2 class=\"wp-block-heading\"><strong>Comodo, educativo, divertente e conveniente<\/strong><\/h2>\n\n\n\n<p>Offriamo eccellenti escursioni giornaliere ben pianificate da localit\u00e0 superbe a un'ampia selezione di altre localit\u00e0 superbe. Se volete vedere i punti salienti della Slovenia, iniziate le vostre gite da&nbsp;<a href=\"https:\/\/day-trips-slovenia.com\/it\/from-ljubljana\/\">Lubiana<\/a>, da&nbsp;<a href=\"https:\/\/day-trips-slovenia.com\/it\/from-bled\/\">Bled<\/a>, da&nbsp;<a href=\"https:\/\/day-trips-slovenia.com\/it\/from-koper\/\">Capodistria<\/a>&nbsp;anche dai vicini&nbsp;<a href=\"https:\/\/day-trips-slovenia.com\/it\/from-zagreb\/\">Zagabria<\/a>&nbsp;e&nbsp;<a href=\"https:\/\/day-trips-slovenia.com\/it\/from-venice\/\">Venezia<\/a>. Allora siete sicuramente nel posto giusto. Visiterete i luoghi simbolo del nostro Paese, assisterete a meraviglie naturali mozzafiato e imparerete a conoscere le persone e la loro cultura. Vi accompagneremo in gite fotografiche e tour enologici, nelle profondit\u00e0 del sottosuolo o in alto. Dai vigneti soleggiati alle corse sportive adrenaliniche, dalle antiche reliquie alle attrazioni moderne. E se desiderate un'esperienza su misura, vi offriamo anche tour privati in qualsiasi altro luogo vogliate andare.<\/p>\n\n\n\n<figure class=\"wp-block-image size-large\"><img decoding=\"async\" width=\"1024\" height=\"683\" src=\"https:\/\/day-trips-slovenia.com\/wp-content\/uploads\/Lake-Jasna-in-Kranjska-gora-7-1024x683.webp\" alt=\"Lago di Jasna a Kranjska gora x\" class=\"wp-image-2521\" title=\"Lago di Jasna a Kranjska gora x\" srcset=\"https:\/\/day-trips-slovenia.com\/wp-content\/uploads\/Lake-Jasna-in-Kranjska-gora-7-1024x683.webp 1024w, https:\/\/day-trips-slovenia.com\/wp-content\/uploads\/Lake-Jasna-in-Kranjska-gora-7-300x200.webp 300w, https:\/\/day-trips-slovenia.com\/wp-content\/uploads\/Lake-Jasna-in-Kranjska-gora-7-768x512.webp 768w, https:\/\/day-trips-slovenia.com\/wp-content\/uploads\/Lake-Jasna-in-Kranjska-gora-7-18x12.webp 18w, https:\/\/day-trips-slovenia.com\/wp-content\/uploads\/Lake-Jasna-in-Kranjska-gora-7.webp 1250w\" sizes=\"(max-width: 1024px) 100vw, 1024px\" \/><\/figure>\n\n\n\n<h2 class=\"wp-block-heading\"><strong>Chi siamo e cosa ci rende i migliori compagni di viaggio?<\/strong><\/h2>\n\n\n\n<p>Siamo un gruppo di giramondo che ama condividere con gli altri gli incredibili vantaggi del viaggiare. La nostra azienda esiste dal 2014 e il nostro team rappresenta anni di esperienza nel settore del turismo e capisce cosa significhi inserire il maggior numero di attrazioni, suoni e sapori interessanti in un solo giorno di viaggio. Nati e cresciuti in Slovenia, conosciamo bene il posto. In collaborazione con fornitori locali di fiducia, societ\u00e0 di trasferimento e guide professionali, creiamo itinerari all-inclusive che non vi fanno perdere nulla.<\/p>\n\n\n\n<p>Day Trips Slovenia \u00e8 anche finanziariamente protetto, il che significa che i vostri viaggi sono sicuri con noi.<\/p>\n\n\n\n<figure class=\"wp-block-image size-large\"><img decoding=\"async\" src=\"https:\/\/day-trips-slovenia.com\/wp-content\/uploads\/NASLOVNA-bled-1024x683.webp\" alt=\"\" class=\"wp-image-2913\"\/><\/figure>\n\n\n\n<h2 class=\"wp-block-heading\"><strong>Attenzione: La Slovenia pu\u00f2 creare dipendenza<\/strong><\/h2>\n\n\n\n<p>La maggior parte dei visitatori della Slovenia si ritrova a tornare pi\u00f9 volte. Spesso capita che ci si innamori perdutamente di una, due o pi\u00f9 localit\u00e0. Noi lo capiamo meglio di chiunque altro. Per questo, quando una gita di un solo giorno non \u00e8 sufficiente, la nostra famiglia allargata vi copre le spalle:<\/p>\n\n\n\n<p>Una scelta illimitata di emozionanti <a href=\"http:\/\/slovenia-activities.com\">attivit\u00e0 in Slovenia<\/a>e un'ampia variet\u00e0 di <a href=\"http:\/\/slovenia-holidays.com\">pacchetti vacanza<\/a>. E per aumentare il livello di qualit\u00e0 si pu\u00f2 visitare il sito <a href=\"http:\/\/slovenialuxuryholidays.com\">Vacanze di lusso in Slovenia<\/a> o scrivete la vostra storia d'amore con <a href=\"http:\/\/honeymoonslovenia.com\">Luna di miele in Slovenia<\/a>.<\/p>\n\n\n\n<p>La vostra prossima indimenticabile gita di un giorno vi aspetta e noi siamo entusiasti quanto voi!<\/p>","protected":false},"excerpt":{"rendered":"<p>Ogni giorno il fascino magico della mia patria, la Slovenia, mi travolge ancora, anche se ho fatto la mia parte di viaggi in tutto il mondo e mi piace viaggiare. Per me \u00e8 ancora il Paese pi\u00f9 bello del mondo. Ci sono troppe cose da vedere, visitare e sperimentare, e a volte questo ... <a href=\"https:\/\/day-trips-slovenia.com\/it\/chi-siamo\/\">Continua<\/a><\/p>","protected":false},"author":70,"featured_media":2562,"parent":0,"menu_order":0,"comment_status":"open","ping_status":"open","template":"","meta":{"_acf_changed":false,"footnotes":""},"class_list":["post-175","page","type-page","status-publish","has-post-thumbnail","hentry"],"acf":{"page_subheading":"Your number one destination for number one destinations in Slovenia, offering single-day trips to the must-see locations around this scenic country."},"_links":{"self":[{"href":"https:\/\/day-trips-slovenia.com\/it\/wp-json\/wp\/v2\/pages\/175","targetHints":{"allow":["GET"]}}],"collection":[{"href":"https:\/\/day-trips-slovenia.com\/it\/wp-json\/wp\/v2\/pages"}],"about":[{"href":"https:\/\/day-trips-slovenia.com\/it\/wp-json\/wp\/v2\/types\/page"}],"author":[{"embeddable":true,"href":"https:\/\/day-trips-slovenia.com\/it\/wp-json\/wp\/v2\/users\/70"}],"replies":[{"embeddable":true,"href":"https:\/\/day-trips-slovenia.com\/it\/wp-json\/wp\/v2\/comments?post=175"}],"version-history":[{"count":17,"href":"https:\/\/day-trips-slovenia.com\/it\/wp-json\/wp\/v2\/pages\/175\/revisions"}],"predecessor-version":[{"id":5182,"href":"https:\/\/day-trips-slovenia.com\/it\/wp-json\/wp\/v2\/pages\/175\/revisions\/5182"}],"wp:featuredmedia":[{"embeddable":true,"href":"https:\/\/day-trips-slovenia.com\/it\/wp-json\/wp\/v2\/media\/2562"}],"wp:attachment":[{"href":"https:\/\/day-trips-slovenia.com\/it\/wp-json\/wp\/v2\/media?parent=175"}],"curies":[{"name":"wp","href":"https:\/\/api.w.org\/{rel}","templated":true}]}}