{"id":207,"date":"2022-04-14T07:49:34","date_gmt":"2022-04-14T07:49:34","guid":{"rendered":"http:\/\/day-trips-slovenia.com\/equal-opportunities\/"},"modified":"2022-11-29T08:46:42","modified_gmt":"2022-11-29T08:46:42","slug":"equal-opportunities","status":"publish","type":"page","link":"https:\/\/day-trips-slovenia.com\/es\/igualdad-de-oportunidades\/","title":{"rendered":"Igualdad de oportunidades"},"content":{"rendered":"<p>En nuestra peque\u00f1a empresa todas las personas reciben un trato igual o similar y no se ven perjudicadas por prejuicios o sesgos. Empleamos a personas de distinta procedencia, religi\u00f3n, g\u00e9nero y orientaci\u00f3n sexual. Esto significa que la mejor persona para un puesto de trabajo o un ascenso es la que se gana ese puesto en funci\u00f3n de sus cualificaciones, experiencia y conocimientos. La diversidad de nuestro lugar de trabajo valora las diferencias de cada uno.<\/p>","protected":false},"excerpt":{"rendered":"<p>En nuestra peque\u00f1a empresa todas las personas reciben un trato igual o similar y no se ven perjudicadas por prejuicios o parcialidades. Empleamos a personas de distinta procedencia, religi\u00f3n, sexo y orientaci\u00f3n sexual. Esto significa que la mejor persona para un trabajo o un ascenso es la que se gana ese puesto en funci\u00f3n de sus cualificaciones, experiencia y conocimientos. Nuestro ... <a href=\"https:\/\/day-trips-slovenia.com\/es\/igualdad-de-oportunidades\/\">Contin\u00faa<\/a><\/p>","protected":false},"author":70,"featured_media":0,"parent":0,"menu_order":0,"comment_status":"open","ping_status":"open","template":"","meta":{"_acf_changed":false,"footnotes":""},"class_list":["post-207","page","type-page","status-publish","hentry"],"acf":{"page_subheading":"Equality of opportunity is one of our primary values \u2014 find out how does it affect our practices."},"_links":{"self":[{"href":"https:\/\/day-trips-slovenia.com\/es\/wp-json\/wp\/v2\/pages\/207","targetHints":{"allow":["GET"]}}],"collection":[{"href":"https:\/\/day-trips-slovenia.com\/es\/wp-json\/wp\/v2\/pages"}],"about":[{"href":"https:\/\/day-trips-slovenia.com\/es\/wp-json\/wp\/v2\/types\/page"}],"author":[{"embeddable":true,"href":"https:\/\/day-trips-slovenia.com\/es\/wp-json\/wp\/v2\/users\/70"}],"replies":[{"embeddable":true,"href":"https:\/\/day-trips-slovenia.com\/es\/wp-json\/wp\/v2\/comments?post=207"}],"version-history":[{"count":4,"href":"https:\/\/day-trips-slovenia.com\/es\/wp-json\/wp\/v2\/pages\/207\/revisions"}],"predecessor-version":[{"id":2661,"href":"https:\/\/day-trips-slovenia.com\/es\/wp-json\/wp\/v2\/pages\/207\/revisions\/2661"}],"wp:attachment":[{"href":"https:\/\/day-trips-slovenia.com\/es\/wp-json\/wp\/v2\/media?parent=207"}],"curies":[{"name":"wp","href":"https:\/\/api.w.org\/{rel}","templated":true}]}}