{"id":175,"date":"2022-02-22T09:48:06","date_gmt":"2022-02-22T09:48:06","guid":{"rendered":"http:\/\/day-trips-slovenia.com\/about-us\/"},"modified":"2025-09-08T07:25:36","modified_gmt":"2025-09-08T07:25:36","slug":"about-us","status":"publish","type":"page","link":"https:\/\/day-trips-slovenia.com\/es\/sobre-nosotros\/","title":{"rendered":"About Us"},"content":{"rendered":"<p>Cada d\u00eda, el m\u00e1gico encanto de mi pa\u00eds natal, Eslovenia, sigue sobrecogi\u00e9ndome, a pesar de que ya he viajado bastante por todo el mundo y disfruto viajando. Para m\u00ed, sigue siendo el pa\u00eds m\u00e1s bello del mundo.<\/p>\n\n\n\n<p>Hay demasiadas cosas que ver, visitar y experimentar, y a veces resulta abrumador. Por eso intento ayudar al mayor n\u00famero posible de personas a realizar viajes enriquecedores por Eslovenia y espero que los recuerden toda la vida.<\/p>\n\n\n\n<p>\u00bfTe apuntas a un viaje por Eslovenia y m\u00e1s all\u00e1? Entonces, \u00a1vamos all\u00e1!<\/p>\n\n\n\n<p>Tanto si est\u00e1 de vacaciones en Eslovenia como si vive aqu\u00ed, si se detiene para una visita r\u00e1pida o simplemente est\u00e1 de paso...&nbsp;<a href=\"https:\/\/day-trips-slovenia.com\/es\/\">Excursiones de un d\u00eda<\/a>&nbsp;le invita a unirse a nosotros para explorar los lugares m\u00e1s incre\u00edbles que ofrece el pa\u00eds.<\/p>\n\n\n\n<figure class=\"wp-block-image size-large\"><img decoding=\"async\" width=\"1024\" height=\"683\" src=\"https:\/\/day-trips-slovenia.com\/wp-content\/uploads\/Ljubljana-city-11-1024x683.webp\" alt=\"Ciudad de Liubliana x\" class=\"wp-image-2427\" title=\"Ciudad de Liubliana x\" srcset=\"https:\/\/day-trips-slovenia.com\/wp-content\/uploads\/Ljubljana-city-11-1024x683.webp 1024w, https:\/\/day-trips-slovenia.com\/wp-content\/uploads\/Ljubljana-city-11-300x200.webp 300w, https:\/\/day-trips-slovenia.com\/wp-content\/uploads\/Ljubljana-city-11-768x512.webp 768w, https:\/\/day-trips-slovenia.com\/wp-content\/uploads\/Ljubljana-city-11-1536x1024.webp 1536w, https:\/\/day-trips-slovenia.com\/wp-content\/uploads\/Ljubljana-city-11-18x12.webp 18w, https:\/\/day-trips-slovenia.com\/wp-content\/uploads\/Ljubljana-city-11.webp 1920w\" sizes=\"(max-width: 1024px) 100vw, 1024px\" \/><\/figure>\n\n\n\n<h2 class=\"wp-block-heading\"><strong>Un peque\u00f1o pa\u00eds con infinitas posibilidades<\/strong><\/h2>\n\n\n\n<p>No encontrar\u00e1 tanta diversidad en un \u00e1rea tan peque\u00f1a en ning\u00fan lugar del mundo. En Eslovenia viven s\u00f3lo 2 millones de personas, pero su historia, cultura y tradiciones son inconmensurables. Con sus majestuosas cadenas monta\u00f1osas, sus amplias llanuras, sus interminables colinas, sus bosques y campos, sus pr\u00edstinos r\u00edos, sus lagos y su mar, la naturaleza de Eslovenia es igual de espectacular. Y lo que la hace a\u00fan mejor es que puede experimentar cualquiera de sus tesoros en cuesti\u00f3n de horas. Paisajes enteros e incluso microclimas cambian al viajar de una parte a otra del pa\u00eds.<\/p>\n\n\n\n<figure class=\"wp-block-image size-large\"><img decoding=\"async\" width=\"1024\" height=\"683\" src=\"https:\/\/day-trips-slovenia.com\/wp-content\/uploads\/Slovenian-Winemaker-vineyard-4-1024x683.webp\" alt=\"En\u00f3logo esloveno vi\u00f1edo x\" class=\"wp-image-2329\" title=\"En\u00f3logo esloveno vi\u00f1edo x\" srcset=\"https:\/\/day-trips-slovenia.com\/wp-content\/uploads\/Slovenian-Winemaker-vineyard-4-1024x683.webp 1024w, https:\/\/day-trips-slovenia.com\/wp-content\/uploads\/Slovenian-Winemaker-vineyard-4-300x200.webp 300w, https:\/\/day-trips-slovenia.com\/wp-content\/uploads\/Slovenian-Winemaker-vineyard-4-768x512.webp 768w, https:\/\/day-trips-slovenia.com\/wp-content\/uploads\/Slovenian-Winemaker-vineyard-4-18x12.webp 18w, https:\/\/day-trips-slovenia.com\/wp-content\/uploads\/Slovenian-Winemaker-vineyard-4.webp 1250w\" sizes=\"(max-width: 1024px) 100vw, 1024px\" \/><\/figure>\n\n\n\n<h2 class=\"wp-block-heading\"><strong>C\u00f3modo, educativo, divertido y asequible<\/strong><\/h2>\n\n\n\n<p>Ofrecemos excelentes excursiones de un d\u00eda, bien planificadas, desde lugares magn\u00edficos a una amplia selecci\u00f3n de otros lugares magn\u00edficos. Si quiere ver lo m\u00e1s destacado de Eslovenia, comience sus viajes desde&nbsp;<a href=\"https:\/\/day-trips-slovenia.com\/es\/from-ljubljana\/\">Liubliana<\/a>, de&nbsp;<a href=\"https:\/\/day-trips-slovenia.com\/es\/from-bled\/\">Bled<\/a>, de&nbsp;<a href=\"https:\/\/day-trips-slovenia.com\/es\/from-koper\/\">Koper<\/a>&nbsp;incluso de los vecinos&nbsp;<a href=\"https:\/\/day-trips-slovenia.com\/es\/from-zagreb\/\">Zagreb<\/a>&nbsp;y&nbsp;<a href=\"https:\/\/day-trips-slovenia.com\/es\/from-venice\/\">Venecia<\/a>. Entonces est\u00e1s en el lugar adecuado. Visitar\u00e1 los impresionantes monumentos de nuestro pa\u00eds, ser\u00e1 testigo de sus impresionantes espect\u00e1culos naturales y conocer\u00e1 a su gente y su cultura. Le llevaremos a realizar excursiones fotogr\u00e1ficas y enol\u00f3gicas, en las profundidades del subsuelo o en las alturas. Desde los soleados vi\u00f1edos hasta los deportivos paseos de adrenalina, desde las antiguas reliquias hasta las modernas atracciones. Y si desea una experiencia a medida, incluso ofrecemos visitas privadas a cualquier otro lugar que desee visitar.<\/p>\n\n\n\n<figure class=\"wp-block-image size-large\"><img decoding=\"async\" width=\"1024\" height=\"683\" src=\"https:\/\/day-trips-slovenia.com\/wp-content\/uploads\/Lake-Jasna-in-Kranjska-gora-7-1024x683.webp\" alt=\"Lago Jasna en Kranjska gora x\" class=\"wp-image-2521\" title=\"Lago Jasna en Kranjska gora x\" srcset=\"https:\/\/day-trips-slovenia.com\/wp-content\/uploads\/Lake-Jasna-in-Kranjska-gora-7-1024x683.webp 1024w, https:\/\/day-trips-slovenia.com\/wp-content\/uploads\/Lake-Jasna-in-Kranjska-gora-7-300x200.webp 300w, https:\/\/day-trips-slovenia.com\/wp-content\/uploads\/Lake-Jasna-in-Kranjska-gora-7-768x512.webp 768w, https:\/\/day-trips-slovenia.com\/wp-content\/uploads\/Lake-Jasna-in-Kranjska-gora-7-18x12.webp 18w, https:\/\/day-trips-slovenia.com\/wp-content\/uploads\/Lake-Jasna-in-Kranjska-gora-7.webp 1250w\" sizes=\"(max-width: 1024px) 100vw, 1024px\" \/><\/figure>\n\n\n\n<h2 class=\"wp-block-heading\"><strong>\u00bfQui\u00e9nes somos y qu\u00e9 nos convierte en los mejores compa\u00f1eros de viaje?<\/strong><\/h2>\n\n\n\n<p>Somos un grupo de trotamundos a los que les encanta compartir los incre\u00edbles beneficios de viajar con los dem\u00e1s. Nuestra empresa existe desde 2014 y nuestro equipo representa a\u00f1os de experiencia en turismo y entiende lo que significa encajar la mayor cantidad de vistas, sonidos y sabores interesantes en un viaje de un d\u00eda. Nacidos y criados en Eslovenia, conocemos el lugar a la perfecci\u00f3n. Junto con proveedores locales de confianza, empresas de traslados y gu\u00edas profesionales, creamos itinerarios con todo incluido para que no se pierda nada.<\/p>\n\n\n\n<p>Day Trips Slovenia tambi\u00e9n est\u00e1 protegido financieramente, lo que significa que sus viajes est\u00e1n seguros con nosotros.<\/p>\n\n\n\n<figure class=\"wp-block-image size-large\"><img decoding=\"async\" src=\"https:\/\/day-trips-slovenia.com\/wp-content\/uploads\/NASLOVNA-bled-1024x683.webp\" alt=\"\" class=\"wp-image-2913\"\/><\/figure>\n\n\n\n<h2 class=\"wp-block-heading\"><strong>Advertencia: Eslovenia puede ser adictiva<\/strong><\/h2>\n\n\n\n<p>La mayor\u00eda de los visitantes de Eslovenia vuelven una y otra vez. S\u00ed, a menudo ocurre que uno se enamora perdidamente de uno, dos o varios lugares. Nosotros lo entendemos mejor que nadie. Por eso, cuando una excursi\u00f3n de un solo d\u00eda no es suficiente, nuestra amplia familia le cubre las espaldas:<\/p>\n\n\n\n<p>Una selecci\u00f3n ilimitada de emocionantes <a href=\"http:\/\/slovenia-activities.com\">actividades en Eslovenia<\/a>y una amplia variedad de <a href=\"http:\/\/slovenia-holidays.com\">paquetes de vacaciones<\/a>. Y para subir de nivel puede visitar <a href=\"http:\/\/slovenialuxuryholidays.com\">Vacaciones de lujo en Eslovenia<\/a> o escriba su propia historia de amor con <a href=\"http:\/\/honeymoonslovenia.com\">Luna de miel Eslovenia<\/a>.<\/p>\n\n\n\n<p>Su pr\u00f3xima e inolvidable excursi\u00f3n de un d\u00eda le espera y estamos tan emocionados como usted.<\/p>","protected":false},"excerpt":{"rendered":"<p>Cada d\u00eda, el m\u00e1gico encanto de mi pa\u00eds natal, Eslovenia, sigue sobrecogi\u00e9ndome, a pesar de que ya he viajado bastante por todo el mundo y disfruto viajando. Para m\u00ed, sigue siendo el pa\u00eds m\u00e1s bello del mundo. Hay demasiadas cosas que ver, visitar y experimentar, y a veces eso... <a href=\"https:\/\/day-trips-slovenia.com\/es\/sobre-nosotros\/\">Contin\u00faa<\/a><\/p>","protected":false},"author":70,"featured_media":2562,"parent":0,"menu_order":0,"comment_status":"open","ping_status":"open","template":"","meta":{"_acf_changed":false,"footnotes":""},"class_list":["post-175","page","type-page","status-publish","has-post-thumbnail","hentry"],"acf":{"page_subheading":"Your number one destination for number one destinations in Slovenia, offering single-day trips to the must-see locations around this scenic country."},"_links":{"self":[{"href":"https:\/\/day-trips-slovenia.com\/es\/wp-json\/wp\/v2\/pages\/175","targetHints":{"allow":["GET"]}}],"collection":[{"href":"https:\/\/day-trips-slovenia.com\/es\/wp-json\/wp\/v2\/pages"}],"about":[{"href":"https:\/\/day-trips-slovenia.com\/es\/wp-json\/wp\/v2\/types\/page"}],"author":[{"embeddable":true,"href":"https:\/\/day-trips-slovenia.com\/es\/wp-json\/wp\/v2\/users\/70"}],"replies":[{"embeddable":true,"href":"https:\/\/day-trips-slovenia.com\/es\/wp-json\/wp\/v2\/comments?post=175"}],"version-history":[{"count":17,"href":"https:\/\/day-trips-slovenia.com\/es\/wp-json\/wp\/v2\/pages\/175\/revisions"}],"predecessor-version":[{"id":5182,"href":"https:\/\/day-trips-slovenia.com\/es\/wp-json\/wp\/v2\/pages\/175\/revisions\/5182"}],"wp:featuredmedia":[{"embeddable":true,"href":"https:\/\/day-trips-slovenia.com\/es\/wp-json\/wp\/v2\/media\/2562"}],"wp:attachment":[{"href":"https:\/\/day-trips-slovenia.com\/es\/wp-json\/wp\/v2\/media?parent=175"}],"curies":[{"name":"wp","href":"https:\/\/api.w.org\/{rel}","templated":true}]}}