{"id":205,"date":"2022-04-14T07:44:25","date_gmt":"2022-04-14T07:44:25","guid":{"rendered":"http:\/\/day-trips-slovenia.com\/partners\/"},"modified":"2022-12-19T13:05:50","modified_gmt":"2022-12-19T13:05:50","slug":"partners","status":"publish","type":"page","link":"https:\/\/day-trips-slovenia.com\/de\/partner\/","title":{"rendered":"Partner"},"content":{"rendered":"<h2 class=\"wp-block-heading\"><strong><a href=\"https:\/\/tripduck.com\/\" target=\"_blank\" rel=\"noreferrer noopener\">TRIPDUCK<\/a><\/strong><\/h2>\n\n\n\n<p>TripDuck ist eine Plattform, die eine einfache Online-Buchung von 1000 handverlesenen Erlebnissen an zahlreichen Reisezielen auf der ganzen Welt erm\u00f6glicht.<\/p>\n\n\n\n<h2 class=\"wp-block-heading\"><strong><a href=\"https:\/\/www.sport-piraten.de\/\" target=\"_blank\" rel=\"noreferrer noopener\">SPORT PIRATEN<\/a><\/strong><\/h2>\n\n\n\n<p>Amazing Rafting, Canyoning, Tubing und andere gef\u00fchrte Touren<\/p>\n\n\n\n<p><\/p>\n\n\n\n<p><\/p>\n\n\n\n<p>ein unvergessliches Erlebnis beim Meeresangeln, um die gr\u00f6\u00dften Raubfische der Adria zu fangen.<\/p>","protected":false},"excerpt":{"rendered":"<p>TRIPDUCK TripDuck ist eine Plattform, die eine einfache Online-Buchung von 1000 handverlesenen Erlebnissen in zahlreichen Destinationen auf der ganzen Welt bietet. SPORT PIRATEN Erstaunliches Rafting, Canyoning, Tubing und andere gef\u00fchrte Touren Vergessen Sie das Erlebnis des Meeresfischens, um die gr\u00f6\u00dften Raubtiere der Adria zu fangen.<\/p>","protected":false},"author":70,"featured_media":0,"parent":0,"menu_order":0,"comment_status":"open","ping_status":"open","template":"","meta":{"_acf_changed":false,"footnotes":""},"class_list":["post-205","page","type-page","status-publish","hentry"],"acf":{"page_subheading":"We are stronger together."},"_links":{"self":[{"href":"https:\/\/day-trips-slovenia.com\/de\/wp-json\/wp\/v2\/pages\/205","targetHints":{"allow":["GET"]}}],"collection":[{"href":"https:\/\/day-trips-slovenia.com\/de\/wp-json\/wp\/v2\/pages"}],"about":[{"href":"https:\/\/day-trips-slovenia.com\/de\/wp-json\/wp\/v2\/types\/page"}],"author":[{"embeddable":true,"href":"https:\/\/day-trips-slovenia.com\/de\/wp-json\/wp\/v2\/users\/70"}],"replies":[{"embeddable":true,"href":"https:\/\/day-trips-slovenia.com\/de\/wp-json\/wp\/v2\/comments?post=205"}],"version-history":[{"count":4,"href":"https:\/\/day-trips-slovenia.com\/de\/wp-json\/wp\/v2\/pages\/205\/revisions"}],"predecessor-version":[{"id":2684,"href":"https:\/\/day-trips-slovenia.com\/de\/wp-json\/wp\/v2\/pages\/205\/revisions\/2684"}],"wp:attachment":[{"href":"https:\/\/day-trips-slovenia.com\/de\/wp-json\/wp\/v2\/media?parent=205"}],"curies":[{"name":"wp","href":"https:\/\/api.w.org\/{rel}","templated":true}]}}