{"id":202,"date":"2022-04-14T07:21:49","date_gmt":"2022-04-14T07:21:49","guid":{"rendered":"http:\/\/day-trips-slovenia.com\/know-before-you-go\/"},"modified":"2022-12-06T22:54:14","modified_gmt":"2022-12-06T22:54:14","slug":"know-before-you-go","status":"publish","type":"page","link":"https:\/\/day-trips-slovenia.com\/de\/vorabinformationen\/","title":{"rendered":"Wissen, bevor Sie gehen"},"content":{"rendered":"<h2 class=\"wp-block-heading\" id=\"headline-10-8229\">Wie komme ich nach Slowenien?<\/h2>\n\n\n\n<p>Die Reise nach Slowenien ist einfach und kann auf jede Art und Weise erfolgen, die Ihnen am bequemsten erscheint.<\/p>\n\n\n\n<h3 class=\"wp-block-heading\" id=\"by-plane\"><br><strong>MIT DEM FLUGZEUG<\/strong><\/h3>\n\n\n\n<p>Slowenien verf\u00fcgt \u00fcber 3 internationale Flugh\u00e4fen, die alle gut erreichbar und einfach zu navigieren sind.<\/p>\n\n\n\n<ul class=\"wp-block-list\"><li>Ljubljana (Flughafen Jo\u017ee Pu\u010dnik)<br>Dieser kleine, aber charmante Flughafen ist der wichtigste internationale Flughafen Sloweniens und liegt 26 km n\u00f6rdlich der Hauptstadt Ljubljana. Von dort aus k\u00f6nnen Sie ein Taxi, einen Flughafen-Shuttle, einen Mietwagen oder andere Transferm\u00f6glichkeiten nehmen, je nach Reiseroute und Vorliebe. Der Flughafen Jo\u017ee Pu\u010dnik ist die beste Option, da er die gr\u00f6\u00dfte Auswahl an Fl\u00fcgen und eine hervorragende zentrale Lage hat.<\/li><\/ul>\n\n\n\n<ul class=\"wp-block-list\"><li>Maribor (Flughafen Edvard Rusjan)<br>Der zweitgr\u00f6\u00dfte internationale Flughafen Sloweniens befindet sich etwa 10 km s\u00fcdlich von Maribor, der zweitgr\u00f6\u00dften Stadt des Landes.<br>Die An- und Abreise zum und vom Flughafen Maribor erfolgt mit dem Taxi oder einem im Voraus gebuchten Transfer, der haupts\u00e4chlich f\u00fcr Saison- und Charterfl\u00fcge genutzt wird.<\/li><\/ul>\n\n\n\n<ul class=\"wp-block-list\"><li>Flughafen Portoro\u017e - kleinere Charterfl\u00fcge, Gesch\u00e4fts- und Frachtfl\u00fcge<br>Der Flughafen in Portoroz liegt 6 km s\u00fcdlich von Portoro\u017e, dem slowenischen Badeort. Triest (Italien), Koper, Postojna, Ljubljana (Slowenien) und die kroatischen St\u00e4dte auf der Halbinsel Istrien sind alle sehr gut erreichbar.<\/li><\/ul>\n\n\n\n<p>Alternative Flugh\u00e4fen in der N\u00e4he von Slowenien sind Zagreb, Pula, Klagenfurt, Graz, Triest, Venedig, Wien.<\/p>\n\n\n\n<h3 class=\"wp-block-heading\" id=\"by-bus\"><br><strong>MIT DEM BUS<\/strong><\/h3>\n\n\n\n<p><br>Sie k\u00f6nnen von einer Reihe europ\u00e4ischer St\u00e4dte aus mit dem Bus nach Slowenien reisen.<br>Es gibt direkte Busverbindungen bis nach Schweden und D\u00e4nemark.<br>Die meisten internationalen Reisebusse halten in Ljubljana oder anderen gr\u00f6\u00dferen St\u00e4dten Sloweniens.<br>Zu den beliebtesten Anbietern geh\u00f6ren FlixBus und Nomago Busse.<\/p>\n\n\n\n<h3 class=\"wp-block-heading\" id=\"by-train\"><br><strong>MIT DEM ZUG<\/strong><\/h3>\n\n\n\n<p><br>Auch die Anreise mit dem Zug nach Slowenien ist sehr einfach.<br>Die Bahnverbindungen aus den Nachbarl\u00e4ndern und dem weiteren EU-Raum sind gut und regelm\u00e4\u00dfig. Dazu geh\u00f6ren: Kroatien, Italien, \u00d6sterreich, Ungarn, Serbien, Tschechische Republik, Deutschland, Schweiz, usw.<br>Slowenien ist Teil des Eurail-Global-Passes, der das Reisen mit dem Zug g\u00fcnstiger macht.<br>Au\u00dferdem sind nahegelegene Flugh\u00e4fen wie Triest, Zagreb oder Wien mit der Bahn verbunden.<\/p>\n\n\n\n<h3 class=\"wp-block-heading\" id=\"by-car-bike-motorbike-on-foot\"><br><strong>MIT DEM AUTO, FAHRRAD, MOTORRAD, ZU FUSS<\/strong><\/h3>\n\n\n\n<p><br>Wenn Sie mit dem Auto oder Motorrad nach Slowenien reisen, k\u00f6nnen Sie kleinere lokale Stra\u00dfen oder regionale Schnellstra\u00dfen und Autobahnen benutzen. Wir empfehlen letztere, da sie viel schneller sind und man sich weniger verfahren kann.<br>Wenn Sie in Slowenien mit dem Fahrrad oder (aus unbekannten Gr\u00fcnden) zu Fu\u00df unterwegs sind, k\u00f6nnen Sie sich gl\u00fccklich sch\u00e4tzen, denn dies sind die umweltfreundlichsten Reisem\u00f6glichkeiten. Sie k\u00f6nnen beides tun, indem Sie eine beliebige Grenze \u00fcberqueren (au\u00dfer der Autobahn nat\u00fcrlich) und dann auf lokalen Stra\u00dfen dorthin fahren, wo Sie hinm\u00fcssen.<\/p>\n\n\n\n<h3 class=\"wp-block-heading\" id=\"by-boat-ferry\"><br><strong>MIT DEM BOOT\/DER F\u00c4HRE<\/strong><\/h3>\n\n\n\n<p><br>Es gibt direkte F\u00e4hren von Italien aus oder Sie k\u00f6nnen von Kroatien aus dorthin segeln.<br>Slowenien hat 4 kleine H\u00e4fen\/Marinas, in denen Sie anlegen k\u00f6nnen.<br>Die \u00dcberpr\u00fcfung der Verf\u00fcgbarkeit und anderer Anforderungen ist obligatorisch, insbesondere in der Hochsaison.<\/p>\n\n\n\n<h2 class=\"wp-block-heading\" id=\"headline-49-8229\">Wo soll ich wohnen?<\/h2>\n\n\n\n<p>Eine geeignete, saubere, komfortable und g\u00fcnstig gelegene Unterkunft in Slowenien zu finden, ist einfach. Es gibt mehr als genug Hotels, Herbergen oder private Optionen in Form von Airbnb und Booking in den St\u00e4dten und auf dem Lande.<\/p>\n\n\n\n<p>Wenn Sie in der Hochsaison nach Slowenien reisen, also in den Monaten Juni, Juli, August, Oktober und Dezember, sollten Sie rechtzeitig buchen.<\/p>\n\n\n\n<p>Camping und Glamping sind eine fantastische Wahl, wenn Sie Ihren Urlaub in der atemberaubenden Natur Sloweniens verbringen m\u00f6chten. Viele unglaubliche Campingpl\u00e4tze finden sich im ganzen Land, auch in der N\u00e4he ber\u00fchmter Sehensw\u00fcrdigkeiten.<\/p>\n\n\n\n<p>Apropos Natur: Zahlreiche touristische Bauernh\u00f6fe bieten Unterk\u00fcnfte mit authentischer lokaler Gastronomie an, und die Bergh\u00fctten versprechen gem\u00fctliche \u00dcbernachtungen und einen unvorstellbar sch\u00f6nen Blick auf die slowenischen Berge.<\/p>\n\n\n\n<h2 class=\"wp-block-heading\" id=\"headline-56-8229\">Sprechen die Leute Englisch?<\/h2>\n\n\n\n<p>Ja, die meisten Slowenen, die j\u00fcnger als f\u00fcnfundsechzig sind, sprechen relativ gut Englisch, und praktisch alle jungen Leute sprechen die Sprache flie\u00dfend, ebenso wie die Angestellten im Tourismus- und Gastgewerbe. Deutsch wird von vielen Mitgliedern der \u00e4lteren Generation gesprochen.<br>Die Mehrheit der Bev\u00f6lkerung in der K\u00fcstenregion spricht Italienisch, und einige Menschen k\u00f6nnen sogar Spanisch, Franz\u00f6sisch und Russisch.<br>Kroatisch, Serbisch oder deren serbokroatische Variante wird von einem gro\u00dfen Teil der Slowenen verstanden und auf hohem Niveau gesprochen.<\/p>\n\n\n\n<h2 class=\"wp-block-heading\" id=\"headline-59-8229\">Wie sind die \u00fcblichen \u00d6ffnungszeiten?<\/h2>\n\n\n\n<p>Die verschiedenen Gesch\u00e4fte sind in der Regel zwischen 08:00 und 20:00 Uhr ge\u00f6ffnet (plus\/minus eine Stunde).<br>Touristenattraktionen haben ihre eigenen Fahrpl\u00e4ne, daher ist es ratsam, sich vorher online zu informieren.<br>Museen, Galerien und andere Kultureinrichtungen sind manchmal an Wochentagen geschlossen. Auch hier ist es am besten, nachzufragen.<\/p>\n\n\n\n<h2 class=\"wp-block-heading\" id=\"headline-62-8229\">Muss ich lokales Geld verwenden?<\/h2>\n\n\n\n<p>Ja, die W\u00e4hrung Sloweniens ist der Euro.<\/p>\n\n\n\n<h2 class=\"wp-block-heading\" id=\"headline-65-8229\">Werden Kreditkarten in gro\u00dfem Umfang akzeptiert?<\/h2>\n\n\n\n<p>Ja, die meisten Kreditkarten werden akzeptiert (Visa, MasterCard, Maestro, American Express, etc.).<br>Bestimmte D\u00f6rfer und abgelegene Orte k\u00f6nnen heikel sein. Dazu geh\u00f6ren touristische Bauernh\u00f6fe und Bergh\u00fctten, von denen einige keine Kreditkarten akzeptieren, so dass es ratsam ist, etwas Bargeld bei sich zu haben.<\/p>\n\n\n\n<h2 class=\"wp-block-heading\" id=\"headline-68-8229\">Ist Trinkgeld in Slowenien normal?<\/h2>\n\n\n\n<p>Ja, aber nicht obligatorisch. In Restaurants oder Bars ist es \u00fcblich, f\u00fcr guten Service ein Trinkgeld von 10-15% zu geben. Trinkgeld in Hotels ist auch nett, und das Aufrunden von Taxifahrten wird nicht unbemerkt bleiben.<\/p>\n\n\n\n<h2 class=\"wp-block-heading\" id=\"headline-71-8229\">Ist Slowenien ein sicheres Land?<\/h2>\n\n\n\n<p>Ja, Slowenien ist das sicherste Land der Welt (Platz 8).<br>Dennoch sollte man auf Reisen immer den gesunden Menschenverstand walten lassen, und sich nachts in zwielichtige Gegenden einer Stadt zu begeben, birgt wie \u00fcberall Risiken.<\/p>\n\n\n\n<h2 class=\"wp-block-heading\" id=\"headline-74-8229\">Was ist in einem Notfall zu tun?<\/h2>\n\n\n\n<p>Die 112-Notrufzentrale entsendet die Ersthelfer (medizinische Notfallhilfe, Feuerwehr, Tierarzt, Bergrettung, Polizei und andere Einheiten).<br>Nutzer mit Behinderungen k\u00f6nnen \u00fcber WAP 112 und SMS 112 die Notdienste kontaktieren.<br>113 ist f\u00fcr die Polizei (Notf\u00e4lle), 080 12 00 ist eine anonyme Telefonleitung der Polizei<\/p>\n\n\n\n<p>Apotheken gibt es im ganzen Land, aber viele Arzneimittel sind verschreibungspflichtig.<\/p>\n\n\n\n<h2 class=\"wp-block-heading\" id=\"headline-77-8229\">Kann ich Wasser aus dem Wasserhahn trinken?<\/h2>\n\n\n\n<p>Ja, Slowenien hat eines der reinsten Trinkw\u00e4sser der Welt.<br>Aus Gr\u00fcnden des Umweltschutzes empfehlen wir Ihnen, eine wiederverwendbare Flasche mitzunehmen.<\/p>\n\n\n\n<h2 class=\"wp-block-heading\" id=\"headline-80-8229\">Wo kann ich in Slowenien schwimmen?<\/h2>\n\n\n\n<p>Das Adriatische Meer, der Bleder See, der Bohinjer See und einige Fl\u00fcsse.<br>Bitte baden Sie nicht in anderen Teilen des Triglav-Nationalparks und in Schutzgebieten und achten Sie darauf, dass Ihr Sonnenschutzmittel naturvertr\u00e4glich ist.<\/p>\n\n\n\n<h2 class=\"wp-block-heading\" id=\"headline-83-8229\">Kann man in Slowenien kostenloses Wi-Fi bekommen?<\/h2>\n\n\n\n<p>\u00dcberall in Slowenien bieten Unterk\u00fcnfte, Restaurants, Caf\u00e9s und sogar Gesch\u00e4fte und einige Sehensw\u00fcrdigkeiten kostenloses Wi-Fi an. Sie k\u00f6nnen auch Prepaid-Mobilfunk-Internet f\u00fcr 10-20 EUR kaufen.<\/p>\n\n\n\n<h2 class=\"wp-block-heading\" id=\"headline-86-8229\">Muss ich warme Kleidung f\u00fcr eine Reise im Sommer einpacken?<\/h2>\n\n\n\n<p>Folgen Sie <a href=\"https:\/\/slovenia-holidays.com\/blog\/practical-information\/#how-what-to-pack-for-your-slovenia-holidays\">Dieser Link enth\u00e4lt weitere Informationen \u00fcber das, was Sie einpacken sollten<\/a>&nbsp;f\u00fcr Ihren Slowenien-Urlaub.<\/p>","protected":false},"excerpt":{"rendered":"<p>Wie komme ich nach Slowenien? Die Anreise nach Slowenien ist einfach und kann auf jede Art und Weise erfolgen, die Ihnen am bequemsten erscheint. MIT DEM FLUGZEUG Slowenien hat 3 internationale Flugh\u00e4fen, die alle gut erreichbar und einfach zu navigieren sind. Ljubljana (Jo\u017ee Pu\u010dnik Airport)Dieser kleine, aber charmante Flughafen ist der wichtigste internationale Flughafen Sloweniens und liegt 26 km ... <a href=\"https:\/\/day-trips-slovenia.com\/de\/vorabinformationen\/\">Fortsetzung<\/a><\/p>","protected":false},"author":70,"featured_media":2519,"parent":0,"menu_order":0,"comment_status":"open","ping_status":"open","template":"","meta":{"_acf_changed":false,"footnotes":""},"class_list":["post-202","page","type-page","status-publish","has-post-thumbnail","hentry"],"acf":{"page_subheading":"Check out the information on everything you need to know about Slovenia, how to get there, and what to do when you stay in our beautiful country."},"_links":{"self":[{"href":"https:\/\/day-trips-slovenia.com\/de\/wp-json\/wp\/v2\/pages\/202","targetHints":{"allow":["GET"]}}],"collection":[{"href":"https:\/\/day-trips-slovenia.com\/de\/wp-json\/wp\/v2\/pages"}],"about":[{"href":"https:\/\/day-trips-slovenia.com\/de\/wp-json\/wp\/v2\/types\/page"}],"author":[{"embeddable":true,"href":"https:\/\/day-trips-slovenia.com\/de\/wp-json\/wp\/v2\/users\/70"}],"replies":[{"embeddable":true,"href":"https:\/\/day-trips-slovenia.com\/de\/wp-json\/wp\/v2\/comments?post=202"}],"version-history":[{"count":2,"href":"https:\/\/day-trips-slovenia.com\/de\/wp-json\/wp\/v2\/pages\/202\/revisions"}],"predecessor-version":[{"id":2563,"href":"https:\/\/day-trips-slovenia.com\/de\/wp-json\/wp\/v2\/pages\/202\/revisions\/2563"}],"wp:featuredmedia":[{"embeddable":true,"href":"https:\/\/day-trips-slovenia.com\/de\/wp-json\/wp\/v2\/media\/2519"}],"wp:attachment":[{"href":"https:\/\/day-trips-slovenia.com\/de\/wp-json\/wp\/v2\/media?parent=202"}],"curies":[{"name":"wp","href":"https:\/\/api.w.org\/{rel}","templated":true}]}}