{"id":192,"date":"2022-03-14T08:31:32","date_gmt":"2022-03-14T08:31:32","guid":{"rendered":"http:\/\/day-trips-slovenia.com\/about-slovenia\/"},"modified":"2023-08-22T13:26:36","modified_gmt":"2023-08-22T13:26:36","slug":"about-slovenia","status":"publish","type":"page","link":"https:\/\/day-trips-slovenia.com\/de\/uber-slowenien\/","title":{"rendered":"\u00dcber Slowenien"},"content":{"rendered":"<p>Es ist kein Zufall, dass das globale Reisebuch Lonely Planet Slowenien in seine Top 5 der Reiseziele f\u00fcr 2022 aufgenommen hat. Slowenien ist ein kleines Land voller Vielfalt. In nur einem Tag kann man die Berge, das Meer, die pannonischen Ebenen, die ausgedehnten W\u00e4lder und die Weinberge genie\u00dfen. Und nicht nur das: Es ist ein gr\u00fcnes Land, das sich durch sein st\u00e4ndiges Bem\u00fchen um die Nachhaltigkeit seiner gr\u00fcnen Umwelt und seiner reichen Kultur auszeichnet.<\/p>\n\n\n\n<p>Slowenien ist ein Paradies f\u00fcr Outdoor-Abenteuerlustige. Wandern und Spazierengehen sind die beliebtesten Freizeitbesch\u00e4ftigungen der Einheimischen, Radfahren und Skifahren im Winter sind nicht weit davon entfernt. Und dann sind da noch die kristallklaren Fl\u00fcsse wie die So\u010da, auf denen man von Rafting bis Canyoning alles ausprobieren kann. Jede abwechslungsreiche Landschaft in Slowenien ist ein Spielplatz f\u00fcr viele Arten von Outdoor-Aktivit\u00e4ten.<\/p>\n\n\n\n<p>Man k\u00f6nnte meinen, dass nicht alles Sch\u00f6ne in diesem gr\u00fcnen Land von der Natur kommt. Die menschlichen Aktivit\u00e4ten in Slowenien stehen im Einklang mit ihr, heben sich aber auch von ihr ab. Die Geschichte des Landes ist reich an verschiedenen Einfl\u00fcssen, was die Kultur besonders lebendig und vielf\u00e4ltig macht. Das spiegelt sich auch in der Architektur wider - von den venezianisch gepr\u00e4gten K\u00fcstenst\u00e4dten \u00fcber die gotischen Kirchen in den Julischen Alpen bis hin zu den Jugendstilbauten in Ljubljana und vielem mehr.<\/p>\n\n\n\n<p>Eine solche Mischung findet sich auch in der slowenischen K\u00fcche. Das Land hat sich von jedem seiner Nachbarn - \u00d6sterreich, Italien, Ungarn und dem Balkan - etwas abgeschaut und seine eigenen, einzigartigen Gerichte entwickelt, die eng mit der Landschaft verbunden sind, in der sie zubereitet werden. Das macht Slowenien zu einem gro\u00dfartigen Reiseziel f\u00fcr alle Feinschmecker, weshalb es auch zur Europ\u00e4ischen Region der Gastronomie 2021 ernannt wurde. Gerichte wie die herzhafte Krainer Wurst, die s\u00fc\u00dfen \"\u0160truklji\" oder die k\u00f6stliche \"Potica\" sollten Sie bei Ihrem Besuch in Slowenien unbedingt probieren.<\/p>","protected":false},"excerpt":{"rendered":"<p>It is not by accident that the global travel book Lonely Planet placed Slovenia on its top 5 of places to visit in 2022. Slovenia is a small country full of diversity. You can enjoy the mountains, the sea, the Pannonian plains, vast forests, and wine-growing hills in only a day. And not only that; &hellip; <a href=\"https:\/\/day-trips-slovenia.com\/de\/uber-slowenien\/\">Fortsetzung<\/a><\/p>","protected":false},"author":70,"featured_media":0,"parent":0,"menu_order":0,"comment_status":"open","ping_status":"open","template":"","meta":{"_acf_changed":false,"footnotes":""},"class_list":["post-192","page","type-page","status-publish","hentry"],"acf":{"page_subheading":""},"_links":{"self":[{"href":"https:\/\/day-trips-slovenia.com\/de\/wp-json\/wp\/v2\/pages\/192","targetHints":{"allow":["GET"]}}],"collection":[{"href":"https:\/\/day-trips-slovenia.com\/de\/wp-json\/wp\/v2\/pages"}],"about":[{"href":"https:\/\/day-trips-slovenia.com\/de\/wp-json\/wp\/v2\/types\/page"}],"author":[{"embeddable":true,"href":"https:\/\/day-trips-slovenia.com\/de\/wp-json\/wp\/v2\/users\/70"}],"replies":[{"embeddable":true,"href":"https:\/\/day-trips-slovenia.com\/de\/wp-json\/wp\/v2\/comments?post=192"}],"version-history":[{"count":1,"href":"https:\/\/day-trips-slovenia.com\/de\/wp-json\/wp\/v2\/pages\/192\/revisions"}],"predecessor-version":[{"id":2822,"href":"https:\/\/day-trips-slovenia.com\/de\/wp-json\/wp\/v2\/pages\/192\/revisions\/2822"}],"wp:attachment":[{"href":"https:\/\/day-trips-slovenia.com\/de\/wp-json\/wp\/v2\/media?parent=192"}],"curies":[{"name":"wp","href":"https:\/\/api.w.org\/{rel}","templated":true}]}}