{"id":187,"date":"2022-02-28T02:49:52","date_gmt":"2022-02-28T02:49:52","guid":{"rendered":"http:\/\/day-trips-slovenia.com\/our-drivers\/"},"modified":"2022-02-28T02:49:52","modified_gmt":"2022-02-28T02:49:52","slug":"our-drivers","status":"publish","type":"page","link":"https:\/\/day-trips-slovenia.com\/de\/unsere-fahrer\/","title":{"rendered":"Unsere Fahrer"},"content":{"rendered":"<p><strong><em>Wer sind sie?<\/em><\/strong><\/p>\n\n\n\n<p>Die privaten Fahrer von Slovenia Private Tours sind <strong>vertrauensw\u00fcrdige zertifizierte Fachleute<\/strong> die sich um alles Notwendige k\u00fcmmern und Ihre private Tour in Slowenien zu einer angenehmen und stressfreien Erfahrung machen. Sie sind sehr <strong>zuverl\u00e4ssig<\/strong>So m\u00fcssen Sie nie auf sie warten - sie sind da, wenn Sie sie brauchen. Und keine Sorge, auch wenn sie ihre Arbeit professionell erledigen, sind sie keine Roboter. Sie sind <strong>flie\u00dfend in Englisch und sehr kommunikativ<\/strong>Wir sorgen nicht nur f\u00fcr einen reibungslosen Ablauf Ihrer privaten Tour, sondern auch f\u00fcr eine interessante und unterhaltsame Gestaltung.<\/p>\n\n\n\n<p><strong><em>Was k\u00f6nnen sie f\u00fcr Sie tun?<\/em><\/strong><\/p>\n\n\n\n<p>Sie werden <strong>zeigen Ihnen die sch\u00f6nsten Orte in Slowenien<\/strong>Sie bringen Sie dorthin, wo Sie bereits geplant haben, oder schlagen Ihnen neue Ziele vor. Sie sind Einheimische, die Slowenien wie ihre Westentasche kennen und daher immer <strong>die Reise w\u00e4hrend der Fahrt f\u00fcr Sie anpassen<\/strong>. Keine Toilettenpause und kein Fototermin wird verpasst. Sie werden auch viel \u00fcber Slowenien und die Ziele erfahren, die Sie besuchen. Und wenn Sie Hunger versp\u00fcren, kann der Fahrer Ihnen Restaurants und andere gastronomische Einrichtungen empfehlen, in denen Sie die lokale K\u00fcche probieren k\u00f6nnen.<\/p>\n\n\n\n<p><strong><em>Was sind die Vorteile einer Tour mit einem privaten Fahrer?<\/em><\/strong><\/p>\n\n\n\n<p>Abgesehen von den offensichtlichen Vorteilen, die wir oben bereits erw\u00e4hnt haben, bieten private Fahrer auch andere, nicht so offensichtliche Vorteile. Eine Tour in einem fremden Land auf eigene Faust bringt Herausforderungen mit sich, wie zum Beispiel ungewohnte und komplizierte Verkehrsregeln, die Suche nach geeigneten Tankstellen und g\u00fcnstigen Parkpl\u00e4tzen. Bei einer Tour mit Ihrem eigenen Fahrer m\u00fcssen Sie sich um all das nicht k\u00fcmmern. Und wann immer ein Notfall eintritt und es perfekt w\u00e4re, einen Einheimischen zu kennen, wird unser privater Fahrer da sein, um zu helfen.<\/p>","protected":false},"excerpt":{"rendered":"<p>Who are they? Private drivers of Slovenia Private Tours are trustworthy certified professionals taking care of everything needed and making your private tour in Slovenia an enjoyable and stress-free experience. They are very reliable, so you won\u2019t ever have to wait for them \u2014 They will be there when you need them. And don\u2019t worry, &hellip; <a href=\"https:\/\/day-trips-slovenia.com\/de\/unsere-fahrer\/\">Fortsetzung<\/a><\/p>","protected":false},"author":70,"featured_media":0,"parent":0,"menu_order":0,"comment_status":"open","ping_status":"open","template":"","meta":{"_acf_changed":false,"footnotes":""},"class_list":["post-187","page","type-page","status-publish","hentry"],"acf":{"page_subheading":""},"_links":{"self":[{"href":"https:\/\/day-trips-slovenia.com\/de\/wp-json\/wp\/v2\/pages\/187","targetHints":{"allow":["GET"]}}],"collection":[{"href":"https:\/\/day-trips-slovenia.com\/de\/wp-json\/wp\/v2\/pages"}],"about":[{"href":"https:\/\/day-trips-slovenia.com\/de\/wp-json\/wp\/v2\/types\/page"}],"author":[{"embeddable":true,"href":"https:\/\/day-trips-slovenia.com\/de\/wp-json\/wp\/v2\/users\/70"}],"replies":[{"embeddable":true,"href":"https:\/\/day-trips-slovenia.com\/de\/wp-json\/wp\/v2\/comments?post=187"}],"version-history":[{"count":0,"href":"https:\/\/day-trips-slovenia.com\/de\/wp-json\/wp\/v2\/pages\/187\/revisions"}],"wp:attachment":[{"href":"https:\/\/day-trips-slovenia.com\/de\/wp-json\/wp\/v2\/media?parent=187"}],"curies":[{"name":"wp","href":"https:\/\/api.w.org\/{rel}","templated":true}]}}