{"id":192,"date":"2022-03-14T08:31:32","date_gmt":"2022-03-14T08:31:32","guid":{"rendered":"http:\/\/day-trips-slovenia.com\/about-slovenia\/"},"modified":"2023-08-22T13:26:36","modified_gmt":"2023-08-22T13:26:36","slug":"about-slovenia","status":"publish","type":"page","link":"https:\/\/day-trips-slovenia.com\/da\/om-slovenien\/","title":{"rendered":"Om Slovenien"},"content":{"rendered":"<p>Det er ikke tilf\u00e6ldigt, at den globale rejsebog Lonely Planet har placeret Slovenien p\u00e5 sin top 5 over steder, man skal bes\u00f8ge i 2022. Slovenien er et lille land fuld af mangfoldighed. Du kan nyde bjergene, havet, de pannoniske sletter, de store skove og de vinproducerende bakker p\u00e5 kun en dag. Og ikke nok med det: Det er et gr\u00f8nt land, der er kendetegnet ved sin konstante str\u00e6ben efter b\u00e6redygtighed i sit gr\u00f8nne milj\u00f8 og sin rige kultur.<\/p>\n\n\n\n<p>Slovenien er et paradis for elskere af udend\u00f8rs eventyr. Vandreture og vandreture er det foretrukne lokale tidsfordriv, mens cykling og skil\u00f8b om vinteren ikke er langt bagefter. S\u00e5 er der ogs\u00e5 de krystalklare floder som So\u010da, hvor du kan pr\u00f8ve alt fra rafting til canyoning. Alle de forskelligartede landskaber i Slovenien er en legeplads for mange former for udend\u00f8rsaktiviteter.<\/p>\n\n\n\n<p>Selv om du m\u00e5ske tror det, er det ikke alt det smukke i dette gr\u00f8nne land, der kommer fra naturen. Den menneskelige aktivitet i Slovenien er i harmoni med naturen, men den skiller sig ogs\u00e5 ud. Landets historie er rig p\u00e5 forskellige p\u00e5virkninger, hvilket g\u00f8r kulturen s\u00e6rlig levende og mangfoldig. Arkitekturen afspejler det - lige fra de venetiansk pr\u00e6gede kystbyer, de gotiske kirker i de julianske alper, art nouveau-bygningerne i Ljubljana og meget mere.<\/p>\n\n\n\n<p>Den samme slags blanding kan findes i Sloveniens k\u00f8kken. Ved at l\u00e5ne noget fra hvert af sine naboer - \u00d8strig, Italien, Ungarn og Balkanlandene - har landet skabt sine egne unikke retter, som er meget t\u00e6t forbundet med det landskab, de er lavet i. Det g\u00f8r Slovenien til en fantastisk destination for alle madelskere, og derfor blev landet ogs\u00e5 udn\u00e6vnt til europ\u00e6isk region for gastronomi i 2021. Retter som den krydrede Carniola-p\u00f8lse, den s\u00f8de eller \"\u0160truklji\" eller den dejlige \"Potica\" er alle v\u00e6rd at pr\u00f8ve her p\u00e5 dit bes\u00f8g i Slovenien.<\/p>","protected":false},"excerpt":{"rendered":"<p>It is not by accident that the global travel book Lonely Planet placed Slovenia on its top 5 of places to visit in 2022. Slovenia is a small country full of diversity. You can enjoy the mountains, the sea, the Pannonian plains, vast forests, and wine-growing hills in only a day. And not only that; &hellip; <a href=\"https:\/\/day-trips-slovenia.com\/da\/om-slovenien\/\">Fortsat<\/a><\/p>","protected":false},"author":70,"featured_media":0,"parent":0,"menu_order":0,"comment_status":"open","ping_status":"open","template":"","meta":{"_acf_changed":false,"footnotes":""},"class_list":["post-192","page","type-page","status-publish","hentry"],"acf":{"page_subheading":""},"_links":{"self":[{"href":"https:\/\/day-trips-slovenia.com\/da\/wp-json\/wp\/v2\/pages\/192","targetHints":{"allow":["GET"]}}],"collection":[{"href":"https:\/\/day-trips-slovenia.com\/da\/wp-json\/wp\/v2\/pages"}],"about":[{"href":"https:\/\/day-trips-slovenia.com\/da\/wp-json\/wp\/v2\/types\/page"}],"author":[{"embeddable":true,"href":"https:\/\/day-trips-slovenia.com\/da\/wp-json\/wp\/v2\/users\/70"}],"replies":[{"embeddable":true,"href":"https:\/\/day-trips-slovenia.com\/da\/wp-json\/wp\/v2\/comments?post=192"}],"version-history":[{"count":1,"href":"https:\/\/day-trips-slovenia.com\/da\/wp-json\/wp\/v2\/pages\/192\/revisions"}],"predecessor-version":[{"id":2822,"href":"https:\/\/day-trips-slovenia.com\/da\/wp-json\/wp\/v2\/pages\/192\/revisions\/2822"}],"wp:attachment":[{"href":"https:\/\/day-trips-slovenia.com\/da\/wp-json\/wp\/v2\/media?parent=192"}],"curies":[{"name":"wp","href":"https:\/\/api.w.org\/{rel}","templated":true}]}}