{"id":175,"date":"2022-02-22T09:48:06","date_gmt":"2022-02-22T09:48:06","guid":{"rendered":"http:\/\/day-trips-slovenia.com\/about-us\/"},"modified":"2025-09-08T07:25:36","modified_gmt":"2025-09-08T07:25:36","slug":"about-us","status":"publish","type":"page","link":"http:\/\/day-trips-slovenia.com\/fr\/a-propos-de-nous\/","title":{"rendered":"About Us"},"content":{"rendered":"<p>Chaque jour, le charme magique de mon pays natal, la Slov\u00e9nie, me submerge encore, m\u00eame si j'ai fait ma part de voyages autour du globe et que j'aime voyager. Pour moi, c'est toujours le plus beau pays du monde.<\/p>\n\n\n\n<p>Il y a tout simplement trop de choses \u00e0 voir, \u00e0 visiter et \u00e0 exp\u00e9rimenter, et cela peut parfois sembler \u00e9crasant. C'est pourquoi j'essaie d'aider le plus grand nombre de personnes \u00e0 faire des voyages enrichissants en Slov\u00e9nie, en esp\u00e9rant qu'ils s'en souviendront toute leur vie.<\/p>\n\n\n\n<p>Alors, \u00eates-vous pr\u00eat pour un voyage en Slov\u00e9nie et au-del\u00e0 ? Alors, c'est parti !<\/p>\n\n\n\n<p>Que vous soyez en Slov\u00e9nie pour les vacances ou que vous y viviez, que vous fassiez une halte pour une visite rapide ou que vous soyez simplement de passage...&nbsp;<a href=\"https:\/\/day-trips-slovenia.com\/fr\/\">Excursions d'une journ\u00e9e<\/a>&nbsp;vous invite \u00e0 nous rejoindre pour explorer les endroits les plus \u00e9tonnants que le pays a \u00e0 offrir.<\/p>\n\n\n\n<figure class=\"wp-block-image size-large\"><img decoding=\"async\" width=\"1024\" height=\"683\" src=\"https:\/\/day-trips-slovenia.com\/wp-content\/uploads\/Ljubljana-city-11-1024x683.webp\" alt=\"Ljubljana ville x\" class=\"wp-image-2427\" title=\"Ljubljana ville x\" srcset=\"https:\/\/day-trips-slovenia.com\/wp-content\/uploads\/Ljubljana-city-11-1024x683.webp 1024w, https:\/\/day-trips-slovenia.com\/wp-content\/uploads\/Ljubljana-city-11-300x200.webp 300w, https:\/\/day-trips-slovenia.com\/wp-content\/uploads\/Ljubljana-city-11-768x512.webp 768w, https:\/\/day-trips-slovenia.com\/wp-content\/uploads\/Ljubljana-city-11-1536x1024.webp 1536w, https:\/\/day-trips-slovenia.com\/wp-content\/uploads\/Ljubljana-city-11-18x12.webp 18w, https:\/\/day-trips-slovenia.com\/wp-content\/uploads\/Ljubljana-city-11.webp 1920w\" sizes=\"(max-width: 1024px) 100vw, 1024px\" \/><\/figure>\n\n\n\n<h2 class=\"wp-block-heading\"><strong>Un petit pays aux possibilit\u00e9s infinies<\/strong><\/h2>\n\n\n\n<p>Vous ne trouverez nulle part au monde une telle diversit\u00e9 sur un si petit territoire. La Slov\u00e9nie ne compte que 2 millions d'habitants, mais son histoire, sa culture et ses traditions sont incommensurables. Avec ses cha\u00eenes de montagnes majestueuses, ses vastes plaines, ses collines ondulantes sans fin, ses for\u00eats et ses champs, ses rivi\u00e8res vierges, ses lacs et la mer, la nature slov\u00e8ne est tout aussi spectaculaire. Et ce qui est encore mieux, c'est que vous pouvez d\u00e9couvrir tous ces tr\u00e9sors en quelques heures seulement ! Des paysages entiers et m\u00eame des microclimats changent lorsque vous voyagez d'une partie du pays \u00e0 l'autre.<\/p>\n\n\n\n<figure class=\"wp-block-image size-large\"><img decoding=\"async\" width=\"1024\" height=\"683\" src=\"https:\/\/day-trips-slovenia.com\/wp-content\/uploads\/Slovenian-Winemaker-vineyard-4-1024x683.webp\" alt=\"Vigneron slov\u00e8ne vignoble x\" class=\"wp-image-2329\" title=\"Vigneron slov\u00e8ne vignoble x\" srcset=\"https:\/\/day-trips-slovenia.com\/wp-content\/uploads\/Slovenian-Winemaker-vineyard-4-1024x683.webp 1024w, https:\/\/day-trips-slovenia.com\/wp-content\/uploads\/Slovenian-Winemaker-vineyard-4-300x200.webp 300w, https:\/\/day-trips-slovenia.com\/wp-content\/uploads\/Slovenian-Winemaker-vineyard-4-768x512.webp 768w, https:\/\/day-trips-slovenia.com\/wp-content\/uploads\/Slovenian-Winemaker-vineyard-4-18x12.webp 18w, https:\/\/day-trips-slovenia.com\/wp-content\/uploads\/Slovenian-Winemaker-vineyard-4.webp 1250w\" sizes=\"(max-width: 1024px) 100vw, 1024px\" \/><\/figure>\n\n\n\n<h2 class=\"wp-block-heading\"><strong>Confortable, \u00e9ducatif, amusant et abordable<\/strong><\/h2>\n\n\n\n<p>Nous proposons d'excellentes excursions d'une journ\u00e9e bien planifi\u00e9es \u00e0 partir de lieux superbes vers une large s\u00e9lection d'autres lieux superbes. Si vous voulez voir les points forts de la Slov\u00e9nie, commencez vos voyages \u00e0 partir de&nbsp;<a href=\"https:\/\/day-trips-slovenia.com\/fr\/from-ljubljana\/\">Ljubljana<\/a>, de&nbsp;<a href=\"https:\/\/day-trips-slovenia.com\/fr\/from-bled\/\">Bled<\/a>, de&nbsp;<a href=\"https:\/\/day-trips-slovenia.com\/fr\/from-koper\/\">Koper<\/a>&nbsp;m\u00eame des pays voisins&nbsp;<a href=\"https:\/\/day-trips-slovenia.com\/fr\/from-zagreb\/\">Zagreb<\/a>&nbsp;et&nbsp;<a href=\"https:\/\/day-trips-slovenia.com\/fr\/from-venice\/\">Venise<\/a>. Alors vous \u00eates certainement au bon endroit. Vous visiterez les sites impressionnants de notre pays, vous serez t\u00e9moin de ses merveilles naturelles \u00e0 couper le souffle et vous apprendrez \u00e0 conna\u00eetre ses habitants et leur culture. Nous vous emm\u00e8nerons dans des excursions photo et des visites guid\u00e9es du vignoble, dans les profondeurs du sous-sol ou en altitude. Des vignobles ensoleill\u00e9s aux courses d'adr\u00e9naline sportives, des vestiges anciens aux attractions modernes. Et si vous souhaitez une exp\u00e9rience sur mesure, nous proposons m\u00eame des visites priv\u00e9es de tout autre endroit o\u00f9 vous voulez aller.<\/p>\n\n\n\n<figure class=\"wp-block-image size-large\"><img decoding=\"async\" width=\"1024\" height=\"683\" src=\"https:\/\/day-trips-slovenia.com\/wp-content\/uploads\/Lake-Jasna-in-Kranjska-gora-7-1024x683.webp\" alt=\"Lac Jasna \u00e0 Kranjska gora x\" class=\"wp-image-2521\" title=\"Lac Jasna \u00e0 Kranjska gora x\" srcset=\"https:\/\/day-trips-slovenia.com\/wp-content\/uploads\/Lake-Jasna-in-Kranjska-gora-7-1024x683.webp 1024w, https:\/\/day-trips-slovenia.com\/wp-content\/uploads\/Lake-Jasna-in-Kranjska-gora-7-300x200.webp 300w, https:\/\/day-trips-slovenia.com\/wp-content\/uploads\/Lake-Jasna-in-Kranjska-gora-7-768x512.webp 768w, https:\/\/day-trips-slovenia.com\/wp-content\/uploads\/Lake-Jasna-in-Kranjska-gora-7-18x12.webp 18w, https:\/\/day-trips-slovenia.com\/wp-content\/uploads\/Lake-Jasna-in-Kranjska-gora-7.webp 1250w\" sizes=\"(max-width: 1024px) 100vw, 1024px\" \/><\/figure>\n\n\n\n<h2 class=\"wp-block-heading\"><strong>Qui sommes-nous et qu'est-ce qui fait de nous les meilleurs compagnons de voyage ?<\/strong><\/h2>\n\n\n\n<p>Nous sommes une bande de globetrotteurs qui aiment partager les avantages incroyables du voyage avec les autres. Notre entreprise existe depuis 2014 et notre \u00e9quipe repr\u00e9sente des ann\u00e9es d'exp\u00e9rience dans le tourisme et comprend ce que cela signifie d'int\u00e9grer autant de curiosit\u00e9s, de sons et de go\u00fbts int\u00e9ressants dans une excursion d'une journ\u00e9e. N\u00e9s et \u00e9lev\u00e9s en Slov\u00e9nie, nous connaissons l'endroit \u00e0 fond. Avec des fournisseurs locaux de confiance, des soci\u00e9t\u00e9s de transfert et des guides professionnels, nous cr\u00e9ons des itin\u00e9raires tout compris qui vous \u00e9vitent de manquer quoi que ce soit.<\/p>\n\n\n\n<p>Day Trips Slovenia est \u00e9galement prot\u00e9g\u00e9 financi\u00e8rement, ce qui signifie que vos voyages sont en s\u00e9curit\u00e9 avec nous.<\/p>\n\n\n\n<figure class=\"wp-block-image size-large\"><img decoding=\"async\" src=\"https:\/\/day-trips-slovenia.com\/wp-content\/uploads\/NASLOVNA-bled-1024x683.webp\" alt=\"\" class=\"wp-image-2913\"\/><\/figure>\n\n\n\n<h2 class=\"wp-block-heading\"><strong>Avertissement : La Slov\u00e9nie peut rendre d\u00e9pendant<\/strong><\/h2>\n\n\n\n<p>La plupart des visiteurs de la Slov\u00e9nie reviennent sans cesse. En effet, il arrive souvent que l'on tombe \u00e9perdument amoureux d'un, de deux ou de plusieurs endroits. Nous le comprenons mieux que quiconque. Alors quand une excursion d'une seule journ\u00e9e ne suffit pas, notre famille \u00e9largie vous soutient :<\/p>\n\n\n\n<p>Un choix illimit\u00e9 d'activit\u00e9s passionnantes <a href=\"http:\/\/slovenia-activities.com\">activit\u00e9s en Slov\u00e9nie<\/a>et une grande vari\u00e9t\u00e9 de <a href=\"http:\/\/slovenia-holidays.com\">forfaits vacances<\/a>. Et pour aller encore plus loin, vous pouvez visiter <a href=\"http:\/\/slovenialuxuryholidays.com\">Slov\u00e9nie - Vacances de luxe<\/a> ou \u00e9crivez votre propre histoire d'amour avec <a href=\"http:\/\/honeymoonslovenia.com\">Lune de miel en Slov\u00e9nie<\/a>.<\/p>\n\n\n\n<p>Votre prochaine excursion inoubliable vous attend &amp; nous sommes aussi ravis que vous l'\u00eates !<\/p>","protected":false},"excerpt":{"rendered":"<p>Chaque jour, le charme magique de mon pays d'origine, la Slov\u00e9nie, m'envahit encore, m\u00eame si j'ai fait ma part de voyages autour du globe et que j'aime voyager. Pour moi, c'est toujours le plus beau pays du monde. Il y a tout simplement trop de choses \u00e0 voir, \u00e0 visiter et \u00e0 exp\u00e9rimenter, et parfois cela ... <a href=\"http:\/\/day-trips-slovenia.com\/fr\/a-propos-de-nous\/\">Suite<\/a><\/p>","protected":false},"author":70,"featured_media":2562,"parent":0,"menu_order":0,"comment_status":"open","ping_status":"open","template":"","meta":{"_acf_changed":false,"footnotes":""},"class_list":["post-175","page","type-page","status-publish","has-post-thumbnail","hentry"],"acf":{"page_subheading":"Your number one destination for number one destinations in Slovenia, offering single-day trips to the must-see locations around this scenic country."},"_links":{"self":[{"href":"http:\/\/day-trips-slovenia.com\/fr\/wp-json\/wp\/v2\/pages\/175","targetHints":{"allow":["GET"]}}],"collection":[{"href":"http:\/\/day-trips-slovenia.com\/fr\/wp-json\/wp\/v2\/pages"}],"about":[{"href":"http:\/\/day-trips-slovenia.com\/fr\/wp-json\/wp\/v2\/types\/page"}],"author":[{"embeddable":true,"href":"http:\/\/day-trips-slovenia.com\/fr\/wp-json\/wp\/v2\/users\/70"}],"replies":[{"embeddable":true,"href":"http:\/\/day-trips-slovenia.com\/fr\/wp-json\/wp\/v2\/comments?post=175"}],"version-history":[{"count":17,"href":"http:\/\/day-trips-slovenia.com\/fr\/wp-json\/wp\/v2\/pages\/175\/revisions"}],"predecessor-version":[{"id":5182,"href":"http:\/\/day-trips-slovenia.com\/fr\/wp-json\/wp\/v2\/pages\/175\/revisions\/5182"}],"wp:featuredmedia":[{"embeddable":true,"href":"http:\/\/day-trips-slovenia.com\/fr\/wp-json\/wp\/v2\/media\/2562"}],"wp:attachment":[{"href":"http:\/\/day-trips-slovenia.com\/fr\/wp-json\/wp\/v2\/media?parent=175"}],"curies":[{"name":"wp","href":"https:\/\/api.w.org\/{rel}","templated":true}]}}