{"id":202,"date":"2022-04-14T07:21:49","date_gmt":"2022-04-14T07:21:49","guid":{"rendered":"http:\/\/day-trips-slovenia.com\/know-before-you-go\/"},"modified":"2022-12-06T22:54:14","modified_gmt":"2022-12-06T22:54:14","slug":"know-before-you-go","status":"publish","type":"page","link":"http:\/\/day-trips-slovenia.com\/da\/ved-for-du-gar\/","title":{"rendered":"F\u00e5 det at vide, f\u00f8r du tager af sted"},"content":{"rendered":"<h2 class=\"wp-block-heading\" id=\"headline-10-8229\">Hvordan kommer jeg til Slovenien?<\/h2>\n\n\n\n<p>Det er nemt at rejse til Slovenien, og det kan g\u00f8res p\u00e5 den m\u00e5de, du finder mest praktisk.<\/p>\n\n\n\n<h3 class=\"wp-block-heading\" id=\"by-plane\"><br><strong>MED FLY<\/strong><\/h3>\n\n\n\n<p>Slovenien har 3 internationale lufthavne, som alle er let tilg\u00e6ngelige og nemme at navigere i.<\/p>\n\n\n\n<ul class=\"wp-block-list\"><li>Ljubljana (Jo\u017ee Pu\u010dnik Lufthavn)<br>Denne lille, men charmerende lufthavn er Sloveniens vigtigste internationale lufthavn og ligger 26 km nord for hovedstaden Ljubljana. Herfra kan du tage en taxa, en lufthavnsbus, leje en bil eller v\u00e6lge andre transportmuligheder, afh\u00e6ngigt af din rejseplan og dine pr\u00e6ferencer. Jo\u017ee Pu\u010dnik Lufthavn er den mest optimale l\u00f8sning, da den har det bredeste udvalg af flyvninger og en fantastisk central beliggenhed.<\/li><\/ul>\n\n\n\n<ul class=\"wp-block-list\"><li>Maribor (Edvard Rusjan Lufthavn)<br>Sloveniens n\u00e6stst\u00f8rste internationale lufthavn ligger ca. 10 km syd for Maribor, landets n\u00e6stst\u00f8rste by.<br>Rejser til og fra Maribor Lufthavn foreg\u00e5r med taxa eller forudbestilt transport og bruges hovedsageligt til s\u00e6son- og charterflyvninger.<\/li><\/ul>\n\n\n\n<ul class=\"wp-block-list\"><li>Portoro\u017e Lufthavn - mindre charterfly, forretnings- og fragtflyvninger<br>Lufthavnen i Portoroz ligger 6 km syd for Portoro\u017e, Sloveniens badeby ved havet. Trieste (Italien), Koper, Postojna, Ljubljana (Slovenien) og kroatiske byer p\u00e5 Istrien-halv\u00f8en ligger alle meget bekvemt t\u00e6t p\u00e5.<\/li><\/ul>\n\n\n\n<p>Alternative lufthavne i n\u00e6rheden af Slovenien er Zagreb, Pula, Klagenfurt, Graz, Trieste, Venedig og Wien.<\/p>\n\n\n\n<h3 class=\"wp-block-heading\" id=\"by-bus\"><br><strong>MED BUS<\/strong><\/h3>\n\n\n\n<p><br>Du kan rejse til Slovenien med bus fra en r\u00e6kke europ\u00e6iske byer.<br>Der er direkte busforbindelser fra s\u00e5 langt v\u00e6k som Sverige og Danmark.<br>De fleste internationale busser stopper i Ljubljana eller andre st\u00f8rre byer i Slovenien.<br>FlixBus og Nomago busser er blandt de mest popul\u00e6re udbydere.<\/p>\n\n\n\n<h3 class=\"wp-block-heading\" id=\"by-train\"><br><strong>MED TOG<\/strong><\/h3>\n\n\n\n<p><br>Det er ogs\u00e5 meget nemt at tage toget til Slovenien.<br>Der er gode og regelm\u00e6ssige togforbindelser fra nabolandene og det bredere EU-omr\u00e5de. Disse omfatter: Kroatien, Italien, \u00d8strig, Ungarn, Serbien, Tjekkiet, Tyskland, Schweiz, Tyskland osv.<br>Slovenien er omfattet af Eurail Global Pass-systemet, hvilket g\u00f8r det billigere at rejse med tog.<br>Desuden er der togforbindelser til n\u00e6rliggende lufthavne som Trieste, Zagreb og Wien.<\/p>\n\n\n\n<h3 class=\"wp-block-heading\" id=\"by-car-bike-motorbike-on-foot\"><br><strong>I BIL, P\u00c5 CYKEL, P\u00c5 MOTORCYKEL, TIL FODS<\/strong><\/h3>\n\n\n\n<p><br>N\u00e5r du rejser til Slovenien i bil eller p\u00e5 motorcykel, kan du k\u00f8re ad mindre lokale veje eller regionale motorveje og motorveje. Vi anbefaler sidstn\u00e6vnte, da det er meget hurtigere og giver f\u00e6rre muligheder for at fare vild.<br>Hvis du er p\u00e5 vej til Slovenien p\u00e5 cykel eller (af ukendte \u00e5rsager) til fods, kan du \u00f8nske tillykke, for det er de mest gr\u00f8nne rejsemuligheder, der findes. Begge dele kan g\u00f8res ved at krydse enhver gr\u00e6nse (undtagen motorvejskrydsninger, naturligvis) og derefter f\u00f8lge de lokale veje til det sted, hvor du skal v\u00e6re.<\/p>\n\n\n\n<h3 class=\"wp-block-heading\" id=\"by-boat-ferry\"><br><strong>MED B\u00c5D\/F\u00c6RGE<\/strong><\/h3>\n\n\n\n<p><br>Der er direkte f\u00e6rger fra Italien, eller du kan sejle ind fra Kroatien.<br>Slovenien har 4 sm\u00e5 havne\/marinaer, hvor du kan l\u00e6gge til.<br>Det er obligatorisk at tjekke tilg\u00e6ngelighed og andre krav, is\u00e6r i h\u00f8js\u00e6sonen.<\/p>\n\n\n\n<h2 class=\"wp-block-heading\" id=\"headline-49-8229\">Hvor skal jeg bo?<\/h2>\n\n\n\n<p>Det er nemt at finde et passende, rent, komfortabelt og bekvemt sted at bo i Slovenien. Der er mere end nok hoteller, vandrehjem eller private muligheder i form af Airbnb og Booking i byer og p\u00e5 landet.<\/p>\n\n\n\n<p>S\u00f8rg for at booke p\u00e5 forh\u00e5nd, hvis du rejser til Slovenien i h\u00f8js\u00e6sonen, hvilket omfatter juni, juli, august, oktober og december.<\/p>\n\n\n\n<p>Camping og glamping er fantastiske valg, hvis du vil tilbringe din ferie i Sloveniens imponerende natur. Der findes mange fantastiske campingpladser over hele landet, ogs\u00e5 i n\u00e6rheden af ber\u00f8mte sev\u00e6rdigheder.<\/p>\n\n\n\n<p>Apropos natur, s\u00e5 er der mange turistfarme, der tilbyder overnatningssteder med autentisk lokal gastronomi, og bjerghytter lover behagelige overnatninger og kan prale af en ufattelig smuk udsigt over de slovenske bjerge.<\/p>\n\n\n\n<h2 class=\"wp-block-heading\" id=\"headline-56-8229\">Taler folk engelsk?<\/h2>\n\n\n\n<p>Ja, de fleste slovenere under 65 \u00e5r taler relativt godt engelsk, og stort set alle unge taler sproget flydende, ligesom ansatte i turist- og hotelbranchen. Tysk tales af mange medlemmer af den \u00e6ldre generation.<br>St\u00f8rstedelen af befolkningen i kystomr\u00e5det taler italiensk, og nogle mennesker kan endda spansk, fransk og russisk.<br>Kroatisk, serbisk eller deres serbokroatiske variant forst\u00e5s og tales p\u00e5 et h\u00f8jt niveau af en stor del af slovenerne.<\/p>\n\n\n\n<h2 class=\"wp-block-heading\" id=\"headline-59-8229\">Hvad er de s\u00e6dvanlige \u00e5bningstider?<\/h2>\n\n\n\n<p>Forskellige typer butikker har normalt \u00e5bent mellem kl. 08.00 og 20.00 (plus\/minus en time).<br>Turistattraktioner har deres egne tidsplaner, s\u00e5 det er tilr\u00e5deligt at tjekke dem online p\u00e5 forh\u00e5nd.<br>Museer, gallerier og andre kulturinstitutioner er undertiden lukket p\u00e5 hverdage. Igen er det bedst at unders\u00f8ge det.<\/p>\n\n\n\n<h2 class=\"wp-block-heading\" id=\"headline-62-8229\">Er jeg n\u00f8dt til at bruge lokale penge?<\/h2>\n\n\n\n<p>Ja, Sloveniens valuta er euroen.<\/p>\n\n\n\n<h2 class=\"wp-block-heading\" id=\"headline-65-8229\">Accepteres kreditkort i vid udstr\u00e6kning?<\/h2>\n\n\n\n<p>Ja, de fleste kreditkort accepteres (Visa, MasterCard, Maestro, American Express osv.).<br>Visse landsbyer og fjerntliggende steder kan v\u00e6re vanskelige. Det g\u00e6lder bl.a. turistfarme og bjerghytter, hvoraf nogle ikke accepterer kreditkort, s\u00e5 det er tilr\u00e5deligt at have nogle kontanter p\u00e5 sig.<\/p>\n\n\n\n<h2 class=\"wp-block-heading\" id=\"headline-68-8229\">Er det normalt at give drikkepenge i Slovenien?<\/h2>\n\n\n\n<p>Ja, men det er ikke obligatorisk. Det er almindeligt at give 10-15% drikkepenge p\u00e5 restauranter eller barer for god service. Det er ogs\u00e5 rart at give drikkepenge p\u00e5 hoteller, og det vil ikke g\u00e5 ubem\u00e6rket hen, hvis du runder taxaer op.<\/p>\n\n\n\n<h2 class=\"wp-block-heading\" id=\"headline-71-8229\">Er Slovenien et sikkert land?<\/h2>\n\n\n\n<p>Ja, Slovenien er nummer 8 blandt de sikreste lande i verden.<br>N\u00e5r det er sagt, b\u00f8r man altid bruge sin sunde fornuft, n\u00e5r man rejser, og det er som overalt forbundet med risici at bev\u00e6ge sig ind i tvivlsomme dele af en by om natten.<\/p>\n\n\n\n<h2 class=\"wp-block-heading\" id=\"headline-74-8229\">Hvad skal man g\u00f8re i en n\u00f8dsituation?<\/h2>\n\n\n\n<p>112 Alarmcentralen sender f\u00f8rstehj\u00e6lpere (l\u00e6gehj\u00e6lp, brandv\u00e6sen, veterin\u00e6rhj\u00e6lp, bjergredningstjeneste, politi og andre enheder).<br>Handicappede brugere kan bruge WAP 112 og SMS 112 til at kontakte alarmtjenesterne.<br>113 er til politiet (n\u00f8dsituationer), 080 12 00 er en anonym telefonlinje til politiet<\/p>\n\n\n\n<p>Apoteker findes i hele landet, men mange l\u00e6gemidler kr\u00e6ver recept.<\/p>\n\n\n\n<h2 class=\"wp-block-heading\" id=\"headline-77-8229\">Kan jeg drikke vand fra hanen?<\/h2>\n\n\n\n<p>Ja, Slovenien har noget af det reneste drikkevand i verden.<br>Af milj\u00f8m\u00e6ssige \u00e5rsager opfordrer vi dig til at have en genbrugsflaske med dig.<\/p>\n\n\n\n<h2 class=\"wp-block-heading\" id=\"headline-80-8229\">Hvor kan jeg sv\u00f8mme i Slovenien?<\/h2>\n\n\n\n<p>Adriaterhavet, Bled-s\u00f8en, Bohinj-s\u00f8en og visse floder.<br>Undlad venligst at bade i andre dele af Triglav Nationalpark og beskyttede omr\u00e5der, og s\u00f8rg for, at din solcreme er naturvenlig.<\/p>\n\n\n\n<h2 class=\"wp-block-heading\" id=\"headline-83-8229\">Kan du f\u00e5 gratis wi-fi i Slovenien?<\/h2>\n\n\n\n<p>Overalt i Slovenien tilbyder overnatningssteder, restauranter, caf\u00e9er og endda butikker og nogle sev\u00e6rdigheder gratis wi-fi. Du kan ogs\u00e5 k\u00f8be forudbetalt mobilt internet for 10-20 EUR.<\/p>\n\n\n\n<h2 class=\"wp-block-heading\" id=\"headline-86-8229\">Skal jeg pakke varmt t\u00f8j til en rejse om sommeren?<\/h2>\n\n\n\n<p>F\u00f8lg <a href=\"https:\/\/slovenia-holidays.com\/blog\/practical-information\/#how-what-to-pack-for-your-slovenia-holidays\">dette link for flere oplysninger om, hvad du skal pakke<\/a>&nbsp;til din ferie i Slovenien.<\/p>","protected":false},"excerpt":{"rendered":"<p>Hvordan kommer jeg til Slovenien? Det er nemt at rejse til Slovenien, og du kan g\u00f8re det p\u00e5 den m\u00e5de, du finder mest praktisk. MED FLY Slovenien har 3 internationale lufthavne, som alle er let tilg\u00e6ngelige og nemme at finde rundt i. Ljubljana (Jo\u017ee Pu\u010dnik Airport)Denne lille, men charmerende lufthavn er Sloveniens vigtigste internationale lufthavn og ligger 26 km ... <a href=\"http:\/\/day-trips-slovenia.com\/da\/ved-for-du-gar\/\">Fortsat<\/a><\/p>","protected":false},"author":70,"featured_media":2519,"parent":0,"menu_order":0,"comment_status":"open","ping_status":"open","template":"","meta":{"_acf_changed":false,"footnotes":""},"class_list":["post-202","page","type-page","status-publish","has-post-thumbnail","hentry"],"acf":{"page_subheading":"Check out the information on everything you need to know about Slovenia, how to get there, and what to do when you stay in our beautiful country."},"_links":{"self":[{"href":"http:\/\/day-trips-slovenia.com\/da\/wp-json\/wp\/v2\/pages\/202","targetHints":{"allow":["GET"]}}],"collection":[{"href":"http:\/\/day-trips-slovenia.com\/da\/wp-json\/wp\/v2\/pages"}],"about":[{"href":"http:\/\/day-trips-slovenia.com\/da\/wp-json\/wp\/v2\/types\/page"}],"author":[{"embeddable":true,"href":"http:\/\/day-trips-slovenia.com\/da\/wp-json\/wp\/v2\/users\/70"}],"replies":[{"embeddable":true,"href":"http:\/\/day-trips-slovenia.com\/da\/wp-json\/wp\/v2\/comments?post=202"}],"version-history":[{"count":2,"href":"http:\/\/day-trips-slovenia.com\/da\/wp-json\/wp\/v2\/pages\/202\/revisions"}],"predecessor-version":[{"id":2563,"href":"http:\/\/day-trips-slovenia.com\/da\/wp-json\/wp\/v2\/pages\/202\/revisions\/2563"}],"wp:featuredmedia":[{"embeddable":true,"href":"http:\/\/day-trips-slovenia.com\/da\/wp-json\/wp\/v2\/media\/2519"}],"wp:attachment":[{"href":"http:\/\/day-trips-slovenia.com\/da\/wp-json\/wp\/v2\/media?parent=202"}],"curies":[{"name":"wp","href":"https:\/\/api.w.org\/{rel}","templated":true}]}}